{"id":88,"date":"2017-11-13T15:57:27","date_gmt":"2017-11-13T13:57:27","guid":{"rendered":"http:\/\/www.nettipelsu.fi\/pelsu\/fredriksberg\/?page_id=88"},"modified":"2025-08-14T12:13:03","modified_gmt":"2025-08-14T09:13:03","slug":"9-3-tulitoiden-valvontasuunnitelma","status":"publish","type":"page","link":"https:\/\/www.nettipelsu.fi\/pelsu\/fredriksberg\/9-3-tulitoiden-valvontasuunnitelma\/","title":{"rendered":"9.3. Tulit\u00f6iden valvontasuunnitelma"},"content":{"rendered":"<p><strong>9.3. Tulit\u00f6iden valvontasuunnitelma<\/strong><\/p>\n<p><strong>TULIT\u00d6IDEN VALVONTASUUNNITELMA<\/strong><\/p>\n<p>T\u00e4m\u00e4 valvontasuunnitelma on pysyv\u00e4isohje kiinteist\u00f6ss\u00e4 tapahtuvien tilap\u00e4isten tulit\u00f6iden turvatoimista sek\u00e4 katto- ja vedeneristyst\u00f6iden tulit\u00f6iden turvatoimista.<\/p>\n<p><strong>Tulit\u00f6iden tekeminen edellytt\u00e4\u00e4 aina kirjallista tulity\u00f6lupaa. Tulity\u00f6luvan my\u00f6nt\u00e4\u00e4 tulity\u00f6kortin omaava kohteen is\u00e4nn\u00f6itsij\u00e4 tai h\u00e4nen sijaisensa.<\/strong><\/p>\n<p><strong>KOy Fredriksberg, talo A osalta tulity\u00f6luvan my\u00f6nt\u00e4\u00e4:<\/strong><br \/>\n<strong>Kiinteist\u00f6n huoltomies Alexey Sitkin, puh 050 571 6264 tai 020 530 5700 (24h).<\/strong><\/p>\n<p>Ennen tulit\u00f6iden aloittamista on aina harkittava vaihtoehtoisten ty\u00f6menetelmien k\u00e4ytt\u00f6\u00e4, samoin kuin ennen tulit\u00f6iden aloittamista on varmistettava, ett\u00e4 tulit\u00f6it\u00e4 suorittavalla urakoitsijalla on voimassa oleva vastuuvakuutus.<\/p>\n<p>Alkusammutuskaluston hankkimisesta ja kuljetuksesta ty\u00f6kohteeseen vastaa urakoitsija. Tulity\u00f6luvan my\u00f6nt\u00e4nyt on velvollinen tarkastamaan, ett\u00e4 alkusammutuskalusto on riitt\u00e4v\u00e4 ja asianmukaisesti ty\u00f6kohteessa.<\/p>\n<p><b>Tulity\u00f6lupa<\/b><br \/>\nTulity\u00f6n tekeminen tilap\u00e4isell\u00e4 tulity\u00f6paikalla ja katto- ja vedeneristysty\u00f6n tekeminen edellytt\u00e4v\u00e4t aina kirjallista tulity\u00f6lupaa. Tulity\u00f6lupa on oltava ennen tulity\u00f6n aloittamista. Tulity\u00f6luvan antamiseen ovat oikeutettuja tulit\u00f6iden valvontasuunnitelman luettelossa nimetyt henkil\u00f6t. Luvan antajat on nimetty niin, ett\u00e4 kaikissa olosuhteissa paikalla on henkil\u00f6, joka on oikeutettu antamaan tulity\u00f6luvan. Sinisen tulity\u00f6kortin haltija voi my\u00f6nt\u00e4\u00e4 tulity\u00f6luvan vain sinisen kortin edellytt\u00e4miin tulit\u00f6ihin. Sinisen kortin haltija ei voi my\u00f6nt\u00e4\u00e4 tulity\u00f6lupaa mustan tulity\u00f6kortin haltijalle ja p\u00e4invastoin. My\u00f6sk\u00e4\u00e4n tulity\u00f6kortin haltija ei voi my\u00f6nt\u00e4\u00e4 itselleen tulity\u00f6lupaa ilman asianomaista tulit\u00f6iden valvontasuunnitelmaa.<\/p>\n<p>Ennen luvan antamista on tilap\u00e4inen tulity\u00f6paikka tarkastettava ja hyv\u00e4ksytt\u00e4v\u00e4 siell\u00e4 tehdyt turvatoimet. Kun tilap\u00e4isest\u00e4 tulity\u00f6st\u00e4 aiheutuu erityist\u00e4 vaaraa on ennen tulity\u00f6luvan my\u00f6nt\u00e4mist\u00e4 otettava yhteytt\u00e4 paikalliseen pelastusviranomaiseen.<\/p>\n<p>Tulity\u00f6lupa on m\u00e4\u00e4r\u00e4aikainen yleens\u00e4 enint\u00e4\u00e4n kaksi vuorokautta, erityistapauksessa lupa voidaan my\u00f6nt\u00e4\u00e4 pitemm\u00e4ksikin aikaa, kuitenkin enint\u00e4\u00e4n yhdeksi viikoksi.<\/p>\n<p><strong>Ty\u00f6v\u00e4lineet<\/strong><br \/>\nTulit\u00f6iss\u00e4 k\u00e4ytett\u00e4vien ty\u00f6v\u00e4lineiden on oltava niist\u00e4 annettujen turvallisuusm\u00e4\u00e4r\u00e4ysten edellytt\u00e4m\u00e4ss\u00e4 kunnossa. Ty\u00f6v\u00e4lineiden kunnon tarkastaa tulity\u00f6luvan antaja antaessaan tulity\u00f6luvan.<\/p>\n<p><strong>Alkusammutuskalusto<\/strong><br \/>\nVakituisella tulity\u00f6paikalla on oltava riitt\u00e4v\u00e4sti alkusammutuskalustoa, kuitenkin v\u00e4hint\u00e4\u00e4n yksi 12 kg:n 43 A 183 B-C teholuokan ( A-BIII-E ) k\u00e4sisammutin ja lis\u00e4ksi tulity\u00f6paikan v\u00e4litt\u00f6m\u00e4ss\u00e4 l\u00e4heisyydess\u00e4 toinen vastaava k\u00e4sisammutin, tai kaksi 6 kg:n 27 A 144 B-C teholuokan k\u00e4sisammutinta, joista toinen voi olla kaasupullok\u00e4rryyn vaadittava sammutin. Tilap\u00e4isell\u00e4 tulity\u00f6paikalla on oltava tulity\u00f6luvassa edellytetty alkusammutuskalusto, kuitenkin v\u00e4hint\u00e4\u00e4n sama kalusto kuin vakituisellakin tulity\u00f6paikalla. Kohteessa olevien k\u00e4sisammuttimien ottaminen sijoituspaikoiltaan tilap\u00e4isell\u00e4 tulity\u00f6paikalla vaadittavaksi alkusammutuskalustoksi on ehdottomasti kielletty.<br \/>\nUlkopuoliset toimittajat<br \/>\nTulit\u00f6it\u00e4 tekev\u00e4n ulkopuolisen toimittajan on, ennen t\u00f6iden aloittamista, annettava ty\u00f6n tilaajalle sitoumus tulit\u00f6iden valvontasuunnitelman noudattamisesta ja ilmoitettava tulit\u00f6ist\u00e4 vastaava henkil\u00f6. Vastuu tulit\u00f6iden ty\u00f6naikaisesta ja j\u00e4lkivartioinnista on toimittajalla, jollei vastuuta toimitussopimuksessa ole siirretty ty\u00f6n tilaajalle. Toimittajalla on velvollisuus hankkia tilap\u00e4isill\u00e4 tulity\u00f6paikoilla tarvitsemansa suojaustarvikkeet ja alkusammutuskalusto.<\/p>\n<p><strong>Tulity\u00f6paikat<\/strong><br \/>\n<strong>Vakituinen tulity\u00f6paikka<\/strong><br \/>\nVakituinen tulity\u00f6paikka on tulit\u00f6iden tekemiseen varattu ja hyv\u00e4ksytty palotekninen osasto tai rajattu alue, joka on erotettu suuremmasta tilasta siten, ett\u00e4 tulit\u00f6it\u00e4 voidaan siin\u00e4 tehd\u00e4 turvallisesti.Vakituinen tulity\u00f6paikka voi olla my\u00f6s m\u00e4\u00e4r\u00e4aikainen, esimerkiksi korjaus- tai asennusty\u00f6n ajaksi hyv\u00e4ksytty tulity\u00f6paikka.Vakituiset tulity\u00f6paikat merkit\u00e4\u00e4n opaskilvill\u00e4 \u201d Vakituinen tulity\u00f6paikka \u201d.<br \/>\nTulit\u00f6iden tekemiseen vakituisella tulity\u00f6paikalla ei tarvita tulity\u00f6lupaa.<\/p>\n<p><strong>Tilap\u00e4inen tulity\u00f6paikka.<\/strong><br \/>\nTilap\u00e4isi\u00e4 tulity\u00f6paikkoja ovat kaikki tulity\u00f6paikat, joita ei ole hyv\u00e4ksytty vakituisiksi tulity\u00f6paikoiksi.<br \/>\nKatto- ja vedeneristyst\u00f6iden tulity\u00f6paikka on aina tilap\u00e4inen tulity\u00f6paikka.<\/p>\n<p><strong>Tulit\u00f6iden tekeminen tilap\u00e4isell\u00e4 tulity\u00f6paikalla<\/strong>.<br \/>\nTulity\u00f6t on aina, kun se vain on mahdollista, teht\u00e4v\u00e4 vakituisella tulity\u00f6paikalla.<br \/>\nEnnen tulity\u00f6n tekemist\u00e4 tilap\u00e4isell\u00e4 tulity\u00f6paikalla on aina harkittava vaihtoehtoisten ty\u00f6menetelmien k\u00e4ytt\u00f6\u00e4. T\u00e4llaisia ovat muun muassa mekaaniset ty\u00f6st\u00f6menetelm\u00e4t ja liitostavat.<br \/>\nTilap\u00e4isell\u00e4 tulity\u00f6paikalla saa tulity\u00f6t\u00e4 tehd\u00e4 vain silloin, kun ty\u00f6t\u00e4 ei voi tehd\u00e4 vakituisella tulity\u00f6paikalla.<\/p>\n<p><strong>Turvatoimet ennen ty\u00f6n aloittamista.<\/strong><br \/>\nLaaditaan kirjallinen tulity\u00f6lupa, jossa m\u00e4\u00e4r\u00e4t\u00e4\u00e4n tarvittavat turvatoimet, paloilmoitus- ja sammutuslaitteistojen irti- ja takaisinkytkent\u00e4, sammutuskalusto, sek\u00e4 ty\u00f6naikainen ja j\u00e4lkivartiointi.<br \/>\nTehd\u00e4\u00e4n tarvittavat tulity\u00f6lupaan kirjatut turvatoimet, paloilmoitin- ja sammutuslaitteistojen irtikytkent\u00e4, hankitaan sammutuskalusto ja m\u00e4\u00e4r\u00e4t\u00e4\u00e4n ty\u00f6naikainen palovartija.<br \/>\nTarkistetaan ja hyv\u00e4ksyt\u00e4\u00e4n toimenpiteiden suoritus.<\/p>\n<p><strong>Turvatoimet ty\u00f6n j\u00e4lkeen<\/strong><br \/>\nKytket\u00e4\u00e4n takaisin tulity\u00f6n vuoksi irrotetut paloilmoitin- ja sammutuslaitteistot.<br \/>\nSuoritetaan tulity\u00f6luvassa edellytetty j\u00e4lkivartiointi.<\/p>\n<p><strong>Neuvonta<\/strong><br \/>\nKaikissa tulit\u00f6it\u00e4 koskevissa asioissa saa neuvontaa ja lis\u00e4tietoja paikallisilta pelastusviranomaisilta ja vakuutusyhti\u00f6iden teknisilt\u00e4 asiantuntijoilta.<\/p>\n<p>&nbsp;<\/p>\n<p>&nbsp;<\/p>\n<p>&nbsp;<\/p>\n<p>&nbsp;<\/p>\n","protected":false},"excerpt":{"rendered":"<p>9.3. Tulit\u00f6iden valvontasuunnitelma TULIT\u00d6IDEN VALVONTASUUNNITELMA T\u00e4m\u00e4 valvontasuunnitelma on pysyv\u00e4isohje kiinteist\u00f6ss\u00e4 tapahtuvien tilap\u00e4isten tulit\u00f6iden turvatoimista sek\u00e4 katto- ja vedeneristyst\u00f6iden tulit\u00f6iden turvatoimista. Tulit\u00f6iden tekeminen edellytt\u00e4\u00e4 aina kirjallista tulity\u00f6lupaa. Tulity\u00f6luvan my\u00f6nt\u00e4\u00e4 tulity\u00f6kortin omaava kohteen is\u00e4nn\u00f6itsij\u00e4 tai h\u00e4nen sijaisensa. KOy Fredriksberg, talo A osalta tulity\u00f6luvan my\u00f6nt\u00e4\u00e4: Kiinteist\u00f6n huoltomies Alexey Sitkin, puh 050 571 6264 tai 020 530 5700 (24h). Ennen tulit\u00f6iden aloittamista on aina harkittava vaihtoehtoisten ty\u00f6menetelmien k\u00e4ytt\u00f6\u00e4, samoin [&hellip;]<\/p>\n","protected":false},"author":1,"featured_media":0,"parent":0,"menu_order":0,"comment_status":"closed","ping_status":"closed","template":"","meta":{"footnotes":""},"class_list":["post-88","page","type-page","status-publish","hentry"],"_links":{"self":[{"href":"https:\/\/www.nettipelsu.fi\/pelsu\/fredriksberg\/wp-json\/wp\/v2\/pages\/88","targetHints":{"allow":["GET"]}}],"collection":[{"href":"https:\/\/www.nettipelsu.fi\/pelsu\/fredriksberg\/wp-json\/wp\/v2\/pages"}],"about":[{"href":"https:\/\/www.nettipelsu.fi\/pelsu\/fredriksberg\/wp-json\/wp\/v2\/types\/page"}],"author":[{"embeddable":true,"href":"https:\/\/www.nettipelsu.fi\/pelsu\/fredriksberg\/wp-json\/wp\/v2\/users\/1"}],"replies":[{"embeddable":true,"href":"https:\/\/www.nettipelsu.fi\/pelsu\/fredriksberg\/wp-json\/wp\/v2\/comments?post=88"}],"version-history":[{"count":10,"href":"https:\/\/www.nettipelsu.fi\/pelsu\/fredriksberg\/wp-json\/wp\/v2\/pages\/88\/revisions"}],"predecessor-version":[{"id":648,"href":"https:\/\/www.nettipelsu.fi\/pelsu\/fredriksberg\/wp-json\/wp\/v2\/pages\/88\/revisions\/648"}],"wp:attachment":[{"href":"https:\/\/www.nettipelsu.fi\/pelsu\/fredriksberg\/wp-json\/wp\/v2\/media?parent=88"}],"curies":[{"name":"wp","href":"https:\/\/api.w.org\/{rel}","templated":true}]}}