{"id":84,"date":"2017-11-13T15:56:37","date_gmt":"2017-11-13T13:56:37","guid":{"rendered":"http:\/\/www.nettipelsu.fi\/pelsu\/fredriksberg\/?page_id=84"},"modified":"2025-08-15T11:16:46","modified_gmt":"2025-08-15T08:16:46","slug":"6-kiinteiston-turvallisuusohje-ilmoitustaululle-yhtion-osio","status":"publish","type":"page","link":"https:\/\/www.nettipelsu.fi\/pelsu\/fredriksberg\/6-kiinteiston-turvallisuusohje-ilmoitustaululle-yhtion-osio\/","title":{"rendered":"6. Kiinteist\u00f6n turvallisuusohje ilmoitustaululle yhti\u00f6n osio"},"content":{"rendered":"<table style=\"width: 100%; height: 401px;\">\n<tbody>\n<tr style=\"height: 185px;\">\n<td style=\"height: 185px;\" valign=\"top\" width=\"359\">\n<p><b><strong>V\u00c4EST\u00d6NSUOJA<\/strong><\/b><\/p>\n<ul>\n<li><strong>Yleinen v\u00e4est\u00f6nsuoja sijaitsee:<br \/>\n<\/strong>Konepajankuja 1, kellarikerroksen tilassa.\u00a0<strong><\/p>\n<p><\/strong><\/li>\n<\/ul>\n<\/td>\n<td style=\"height: 401px;\" rowspan=\"2\" valign=\"top\" width=\"331\">\n<p><b><strong>KIINTEIST\u00d6N TURVALLISUUSJOHTO<\/strong><\/b><\/p>\n<ul>\n<li>\n<div>\n<div><strong><strong>Turvallisuusp\u00e4\u00e4llikk\u00f6: <\/strong><\/strong>Ei viel\u00e4 nimetty<\/div>\n<div>Osoite:\u00a0<br \/>\nPuh:\u00a0<strong><strong><br \/>\n<\/strong><\/strong><\/div>\n<\/div>\n<\/li>\n<li><strong>V\u00e4est\u00f6nsuoja hoitaja: <\/strong>Alexey Sitkin (Are Oy)<br \/>\nOsoite: Kaivokselantie 9, 01610 Vantaa<br \/>\nPuh: 050 571 6264, 020 530 5700<\/li>\n<li>\n<div><strong>Kiinteist\u00f6n edustaja:<br \/>\n<\/strong>Laura Pitk\u00e4nen (Colliers Finland)<br \/>\nOsoite: Ratamestarinkatu 7 B , 00520 Helsinki<br \/>\nPuhelin: 046 875 2834<strong><br \/>\n<\/strong><\/div>\n<\/li>\n<\/ul>\n<\/td>\n<\/tr>\n<tr style=\"height: 216px;\">\n<td style=\"height: 216px;\" valign=\"top\" width=\"359\">\n<p><b><strong>KOKOONTUMISPAIKKA<\/strong><\/b><\/p>\n<ul>\n<li><b><strong>Yhteinen kokoontumispaikka sijaitsee:<br \/>\n<\/strong><\/b>Konepajankujan puolella olevan p\u00e4iv\u00e4kodin leikkipihan edusta.<b><strong><br \/>\n<\/strong><\/b><\/li>\n<\/ul>\n<\/td>\n<\/tr>\n<\/tbody>\n<\/table>\n<p>&nbsp;<\/p>\n","protected":false},"excerpt":{"rendered":"<p>V\u00c4EST\u00d6NSUOJA Yleinen v\u00e4est\u00f6nsuoja sijaitsee: Konepajankuja 1, kellarikerroksen tilassa.\u00a0 KIINTEIST\u00d6N TURVALLISUUSJOHTO Turvallisuusp\u00e4\u00e4llikk\u00f6: Ei viel\u00e4 nimetty Osoite:\u00a0 Puh:\u00a0 V\u00e4est\u00f6nsuoja hoitaja: Alexey Sitkin (Are Oy) Osoite: Kaivokselantie 9, 01610 Vantaa Puh: 050 571 6264, 020 530 5700 Kiinteist\u00f6n edustaja: Laura Pitk\u00e4nen (Colliers Finland) Osoite: Ratamestarinkatu 7 B , 00520 Helsinki Puhelin: 046 875 2834 KOKOONTUMISPAIKKA Yhteinen kokoontumispaikka sijaitsee: Konepajankujan puolella olevan p\u00e4iv\u00e4kodin leikkipihan edusta. &nbsp;<\/p>\n","protected":false},"author":1,"featured_media":0,"parent":0,"menu_order":0,"comment_status":"closed","ping_status":"closed","template":"","meta":{"footnotes":""},"class_list":["post-84","page","type-page","status-publish","hentry"],"_links":{"self":[{"href":"https:\/\/www.nettipelsu.fi\/pelsu\/fredriksberg\/wp-json\/wp\/v2\/pages\/84","targetHints":{"allow":["GET"]}}],"collection":[{"href":"https:\/\/www.nettipelsu.fi\/pelsu\/fredriksberg\/wp-json\/wp\/v2\/pages"}],"about":[{"href":"https:\/\/www.nettipelsu.fi\/pelsu\/fredriksberg\/wp-json\/wp\/v2\/types\/page"}],"author":[{"embeddable":true,"href":"https:\/\/www.nettipelsu.fi\/pelsu\/fredriksberg\/wp-json\/wp\/v2\/users\/1"}],"replies":[{"embeddable":true,"href":"https:\/\/www.nettipelsu.fi\/pelsu\/fredriksberg\/wp-json\/wp\/v2\/comments?post=84"}],"version-history":[{"count":14,"href":"https:\/\/www.nettipelsu.fi\/pelsu\/fredriksberg\/wp-json\/wp\/v2\/pages\/84\/revisions"}],"predecessor-version":[{"id":647,"href":"https:\/\/www.nettipelsu.fi\/pelsu\/fredriksberg\/wp-json\/wp\/v2\/pages\/84\/revisions\/647"}],"wp:attachment":[{"href":"https:\/\/www.nettipelsu.fi\/pelsu\/fredriksberg\/wp-json\/wp\/v2\/media?parent=84"}],"curies":[{"name":"wp","href":"https:\/\/api.w.org\/{rel}","templated":true}]}}