{"id":80,"date":"2017-11-13T15:55:30","date_gmt":"2017-11-13T13:55:30","guid":{"rendered":"http:\/\/www.nettipelsu.fi\/pelsu\/fredriksberg\/?page_id=80"},"modified":"2025-08-14T12:11:48","modified_gmt":"2025-08-14T09:11:48","slug":"2-8-vaestosuojaan-liittyvia-tietoja","status":"publish","type":"page","link":"https:\/\/www.nettipelsu.fi\/pelsu\/fredriksberg\/2-8-vaestosuojaan-liittyvia-tietoja\/","title":{"rendered":"2.8. V\u00e4est\u00f6suojaan liittyvi\u00e4 tietoja"},"content":{"rendered":"<p><strong>2.8 V\u00c4EST\u00d6NSUOJAAN LIITTYVI\u00c4 TIETOJA (kiinteist\u00f6ss\u00e4 on oma v\u00e4est\u00f6nsuoja)<\/strong><\/p>\n<table width=\"678\">\n<tbody>\n<tr>\n<td width=\"149\"><strong>Suojan tunnus:<\/strong><\/td>\n<td width=\"57\">VSS1<\/td>\n<td width=\"151\"><strong>Luokka-m\u00e4\u00e4ritys:<\/strong><\/td>\n<td width=\"85\">S1<\/td>\n<td width=\"94\"><strong>Pinta-ala m<sup>2<\/sup><\/strong><\/td>\n<td width=\"142\">141<\/td>\n<\/tr>\n<tr>\n<td width=\"149\"><strong>Henkil\u00f6m\u00e4\u00e4r\u00e4:<\/strong><\/td>\n<td width=\"57\">188<\/td>\n<td width=\"151\"><strong>Kellari-kerroksen tilat:<\/strong><\/td>\n<td colspan=\"3\" width=\"321\">Autohalli, sek\u00e4 muita teknisi\u00e4 tiloja<\/td>\n<\/tr>\n<tr>\n<td width=\"149\"><strong>Suojan osoite:<\/strong><\/td>\n<td colspan=\"3\" width=\"293\">Konepajankuja 1, kellarikerros<\/td>\n<td width=\"94\"><strong>Puhelin:<\/strong><\/td>\n<td width=\"142\">Ei ole<\/td>\n<\/tr>\n<tr>\n<td width=\"149\"><strong>K\u00e4ytt\u00f6tarkoitus:<\/strong><\/td>\n<td colspan=\"5\" width=\"529\">Henkil\u00f6kunta ja asiakkaat, ea-piste<\/td>\n<\/tr>\n<\/tbody>\n<\/table>\n<p>&nbsp;<\/p>\n<table width=\"678\">\n<tbody>\n<tr>\n<td width=\"149\"><strong>V\u00e4est\u00f6nsuojan hoitaja:<\/strong><\/td>\n<td width=\"529\">Alexey Sitkin (kiinteist\u00f6n huoltomies). HUOM! Vain rauhan aikana.<\/td>\n<\/tr>\n<tr>\n<td width=\"149\"><strong>Suojan varahoitaja:<\/strong><\/td>\n<td width=\"529\">(is\u00e4nn\u00f6itsij\u00e4 ilmoittaa nimen kun on tiedossa).<\/td>\n<\/tr>\n<\/tbody>\n<\/table>\n<p>&nbsp;<\/p>\n<table width=\"678\">\n<tbody>\n<tr>\n<td width=\"149\"><strong>Suojan tunnus:<\/strong><\/td>\n<td width=\"57\">VSS2<\/td>\n<td width=\"151\"><strong>Luokka-m\u00e4\u00e4ritys:<\/strong><\/td>\n<td width=\"85\">S1<\/td>\n<td width=\"94\"><strong>Pinta-ala m<sup>2<\/sup><\/strong><\/td>\n<td width=\"142\">128,5<\/td>\n<\/tr>\n<tr>\n<td width=\"149\"><strong>Henkil\u00f6m\u00e4\u00e4r\u00e4:<\/strong><\/td>\n<td width=\"57\">171<\/td>\n<td width=\"151\"><strong>Kellari-kerroksen tilat:<\/strong><\/td>\n<td colspan=\"3\" width=\"321\">Autohalli, sek\u00e4 muita teknisi\u00e4 tiloja<\/td>\n<\/tr>\n<tr>\n<td width=\"149\"><strong>Suojan osoite:<\/strong><\/td>\n<td colspan=\"3\" width=\"293\">Konepajankuja 1, kellarikerros<\/td>\n<td width=\"94\"><strong>Puhelin:<\/strong><\/td>\n<td width=\"142\">Ei ole<\/td>\n<\/tr>\n<tr>\n<td width=\"149\"><strong>K\u00e4ytt\u00f6tarkoitus:<\/strong><\/td>\n<td colspan=\"5\" width=\"529\">Henkil\u00f6kunta ja asiakkaat, suojelutoimisto (toimii normaalioloissa varastotilana).<\/td>\n<\/tr>\n<\/tbody>\n<\/table>\n<p>&nbsp;<\/p>\n<table width=\"678\">\n<tbody>\n<tr>\n<td width=\"149\"><strong>V\u00e4est\u00f6nsuojan hoitaja:<\/strong><\/td>\n<td width=\"529\">Alexey Sitkin (kiinteist\u00f6n huoltomies). HUOM! Vain rauhan aikana.<\/td>\n<\/tr>\n<tr>\n<td width=\"149\"><strong>Suojan varahoitaja:<\/strong><\/td>\n<td width=\"529\">Nimet\u00e4\u00e4n varaston vuokranneesta yrityksest\u00e4 (is\u00e4nn\u00f6itsij\u00e4 ilmoittaa nimen kun on tiedossa).<\/td>\n<\/tr>\n<\/tbody>\n<\/table>\n<p>&nbsp;<\/p>\n<table width=\"678\">\n<tbody>\n<tr>\n<td width=\"149\"><strong>Tilap\u00e4issuoja:<\/strong><\/td>\n<td width=\"529\">Molempien v\u00e4est\u00f6nsuojien\u00a0tilat.<\/td>\n<\/tr>\n<\/tbody>\n<\/table>\n<p>\u00a0<br \/>\nKoneiden ja laitteiden suojauksessa keskityt\u00e4\u00e4n toiminnan jatkuvuudelle t\u00e4rkeimpien sek\u00e4 vaikeimmin korjattavien laitteiden suojaamiseen.<\/p>\n<p><strong>KUNNAN V\u00c4EST\u00d6NSUOJAAN LIITTYVI\u00c4 TIETOJA (kunnan v\u00e4est\u00f6nsuoja)<\/strong><br \/>\n<strong>Kalliosuojat Helsingiss\u00e4 (v\u00e4est\u00f6nsuojat jakaantuvat yleisiin ja yhteisiin suojiin).<\/strong><br \/>\n\u00a0<br \/>\nYleiset suojat ovat yleisess\u00e4 k\u00e4yt\u00f6ss\u00e4 ja tarkoitettu suojaksi l\u00e4hinn\u00e4 liikkuvalle v\u00e4elle tai niille, joilla ei ole suojapaikkaa kotona tai ty\u00f6paikalla Yhteiset suojat ovat usean taloyhti\u00f6n tai yritysten, virastojen ja laitosten henkil\u00f6ille varattuja suojia. Yleisi\u00e4 ja yhteisi\u00e4 suojia on my\u00f6s samoissa tiloissa.<br \/>\n\u00a0<br \/>\nLis\u00e4tietoja v\u00e4est\u00f6nsuojiin liittyvist\u00e4 asioista saat soittamalla p\u00e4ivyst\u00e4v\u00e4lle palotarkastajalle.<\/p>\n","protected":false},"excerpt":{"rendered":"<p>2.8 V\u00c4EST\u00d6NSUOJAAN LIITTYVI\u00c4 TIETOJA (kiinteist\u00f6ss\u00e4 on oma v\u00e4est\u00f6nsuoja) Suojan tunnus: VSS1 Luokka-m\u00e4\u00e4ritys: S1 Pinta-ala m2 141 Henkil\u00f6m\u00e4\u00e4r\u00e4: 188 Kellari-kerroksen tilat: Autohalli, sek\u00e4 muita teknisi\u00e4 tiloja Suojan osoite: Konepajankuja 1, kellarikerros Puhelin: Ei ole K\u00e4ytt\u00f6tarkoitus: Henkil\u00f6kunta ja asiakkaat, ea-piste &nbsp; V\u00e4est\u00f6nsuojan hoitaja: Alexey Sitkin (kiinteist\u00f6n huoltomies). HUOM! Vain rauhan aikana. Suojan varahoitaja: (is\u00e4nn\u00f6itsij\u00e4 ilmoittaa nimen kun on tiedossa). &nbsp; Suojan tunnus: VSS2 Luokka-m\u00e4\u00e4ritys: S1 Pinta-ala m2 [&hellip;]<\/p>\n","protected":false},"author":1,"featured_media":0,"parent":0,"menu_order":0,"comment_status":"closed","ping_status":"closed","template":"","meta":{"footnotes":""},"class_list":["post-80","page","type-page","status-publish","hentry"],"_links":{"self":[{"href":"https:\/\/www.nettipelsu.fi\/pelsu\/fredriksberg\/wp-json\/wp\/v2\/pages\/80","targetHints":{"allow":["GET"]}}],"collection":[{"href":"https:\/\/www.nettipelsu.fi\/pelsu\/fredriksberg\/wp-json\/wp\/v2\/pages"}],"about":[{"href":"https:\/\/www.nettipelsu.fi\/pelsu\/fredriksberg\/wp-json\/wp\/v2\/types\/page"}],"author":[{"embeddable":true,"href":"https:\/\/www.nettipelsu.fi\/pelsu\/fredriksberg\/wp-json\/wp\/v2\/users\/1"}],"replies":[{"embeddable":true,"href":"https:\/\/www.nettipelsu.fi\/pelsu\/fredriksberg\/wp-json\/wp\/v2\/comments?post=80"}],"version-history":[{"count":17,"href":"https:\/\/www.nettipelsu.fi\/pelsu\/fredriksberg\/wp-json\/wp\/v2\/pages\/80\/revisions"}],"predecessor-version":[{"id":646,"href":"https:\/\/www.nettipelsu.fi\/pelsu\/fredriksberg\/wp-json\/wp\/v2\/pages\/80\/revisions\/646"}],"wp:attachment":[{"href":"https:\/\/www.nettipelsu.fi\/pelsu\/fredriksberg\/wp-json\/wp\/v2\/media?parent=80"}],"curies":[{"name":"wp","href":"https:\/\/api.w.org\/{rel}","templated":true}]}}