{"id":78,"date":"2017-11-13T15:55:09","date_gmt":"2017-11-13T13:55:09","guid":{"rendered":"http:\/\/www.nettipelsu.fi\/pelsu\/fredriksberg\/?page_id=78"},"modified":"2025-08-21T12:14:39","modified_gmt":"2025-08-21T09:14:39","slug":"2-7-kiinteiston-turvallisuusorganisaatio","status":"publish","type":"page","link":"https:\/\/www.nettipelsu.fi\/pelsu\/fredriksberg\/2-7-kiinteiston-turvallisuusorganisaatio\/","title":{"rendered":"2.7. Kiinteist\u00f6n turvallisuusorganisaatio"},"content":{"rendered":"<p><strong>2.7 KIINTEIST\u00d6N TURVALLISUUSORGANISAATIO<\/strong><br \/>\n<strong>TURVALLISUUSORGANISAATION JOHTO:<\/strong><\/p>\n<table style=\"width: 54.8809%; height: 174px;\">\n<tbody>\n<tr style=\"height: 51px;\">\n<td style=\"width: 250px; height: 51px;\"><strong>Kiinteist\u00f6n edustajat:<\/strong><\/td>\n<td style=\"height: 51px;\">\n<p>Laura Pitk\u00e4nen (Colliers Finland)<br \/>\n046\u00a0875 2834<\/p>\n<\/td>\n<\/tr>\n<tr style=\"height: 41px;\">\n<td style=\"height: 41px;\"><strong>Turvallisuusp\u00e4\u00e4llikk\u00f6:<\/strong><\/td>\n<td style=\"height: 41px;\">Nimet\u00e4\u00e4n tilojen k\u00e4ytt\u00e4jist\u00e4<\/td>\n<\/tr>\n<tr style=\"height: 41px;\">\n<td style=\"height: 41px;\"><strong>Apulaisturvallisuusp\u00e4\u00e4llikk\u00f6:<\/strong><\/td>\n<td style=\"height: 41px;\">Nimet\u00e4\u00e4n tilojen k\u00e4ytt\u00e4jist\u00e4<\/td>\n<\/tr>\n<tr style=\"height: 41px;\">\n<td style=\"height: 41px;\"><strong>Suojelutoimisto:<\/strong><\/td>\n<td style=\"height: 41px;\">V\u00e4est\u00f6nsuojan tilat<br \/>\nPuhelin: Ei ole<\/td>\n<\/tr>\n<\/tbody>\n<\/table>\n<p><strong>ALUEVASTAAVAT: <\/strong>(aluevastaava vastaa oman vastuualueensa tyhjent\u00e4misest\u00e4)<\/p>\n<table style=\"height: 1075px; width: 88.7115%;\" width=\"678\">\n<tbody>\n<tr style=\"height: 24px;\">\n<td style=\"width: 32.1481%; height: 24px;\"><strong>Kerros:<\/strong><\/td>\n<td style=\"width: 67.8519%; height: 24px;\"><strong>Aluevastaavat:<\/strong><\/td>\n<\/tr>\n<tr style=\"height: 96px;\">\n<td style=\"width: 32.1481%; height: 96px;\"><strong>K krs \/ autohalli:<\/strong><\/td>\n<td style=\"width: 67.8519%; height: 96px;\">\n<p>Alexey Sitkin (kiinteist\u00f6n huoltomies)<br \/>\npuh: 050 571 6264<\/p>\n<p>Muut kiinteist\u00f6n huoltomiehet<br \/>\npuh: 020 530 5700<\/p>\n<p>Muut tilojen k\u00e4ytt\u00e4j\u00e4t<\/p>\n<\/td>\n<\/tr>\n<tr style=\"height: 72px;\">\n<td style=\"width: 32.1481%; height: 72px;\"><strong>1 krs: <\/strong>(Oluthuone Konepaja \/\u00a0 Kuikka)<\/td>\n<td style=\"width: 67.8519%; height: 72px;\">Matti Ollikainen (ravintolap\u00e4\u00e4llikk\u00f6)<br \/>\npuh: 010 766 3531<\/td>\n<\/tr>\n<tr>\n<td style=\"width: 32.1481%;\"><strong>1 krs: (R-kioski)<\/strong><\/td>\n<td style=\"width: 67.8519%;\">\n<p>Kim M\u00f6ller (yhteyshenkil\u00f6)<br \/>\n0400 513 776<\/p>\n<\/td>\n<\/tr>\n<tr>\n<td style=\"width: 32.1481%;\"><strong>1 krs:<\/strong> (Ripa Invest Oy)<\/td>\n<td style=\"width: 67.8519%;\">\n<p>Kimmo V\u00e4liniemi<br \/>\n0400 458 094<\/p>\n<\/td>\n<\/tr>\n<tr style=\"height: 31px;\">\n<td style=\"width: 32.1481%; height: 31px;\"><strong>1 krs: <\/strong>(Alice Italian)<\/td>\n<td style=\"width: 67.8519%; height: 31px;\">\n<p>Valtteri Matilainen (aulapalvelun osalta)<br \/>\n044 083 3376<\/p>\n<p>Pepe Risu<br \/>\n044 539 8888<\/p>\n<\/td>\n<\/tr>\n<tr style=\"height: 192px;\">\n<td style=\"width: 32.1481%; height: 192px;\"><strong>1 &#8211; 2 krs:<\/strong> (Wonderland)<\/td>\n<td style=\"width: 67.8519%; height: 192px;\">\n<p>Pepe Risu<br \/>\n044 539 8888<\/p>\n<p>Timo Savolainen<br \/>\n044 559 5687<\/p>\n<p>Nadezda Heini\u00f6<br \/>\n044 527 4004<\/p>\n<\/td>\n<\/tr>\n<tr style=\"height: 24px;\">\n<td style=\"width: 32.1481%; height: 24px;\"><strong>2 krs:<\/strong> (Prenax Ab)<\/td>\n<td style=\"width: 67.8519%; height: 24px;\">\n<p>Tarja Koski<br \/>\n020 730 2240<\/p>\n<p>Pirkko-Liisa Uimonen (varalla)<br \/>\n020 730 2240<\/p>\n<\/td>\n<\/tr>\n<tr style=\"height: 24px;\">\n<td style=\"width: 32.1481%; height: 24px;\"><strong>3 krs:<\/strong> (Helsingin kaupungin talouspalvelut)<\/td>\n<td style=\"width: 67.8519%; height: 24px;\">\n<p>Salla Vahermo (yhteyshenkil\u00f6)<\/p>\n<\/td>\n<\/tr>\n<tr>\n<td style=\"width: 32.1481%;\"><strong>4 krs:<\/strong> (Helsingin kaupungin talouspalvelut)<strong><br \/>\n<\/strong><\/td>\n<td style=\"width: 67.8519%;\">\n<p>Salla Vahermo (yhteyshenkil\u00f6)<\/p>\n<\/td>\n<\/tr>\n<tr style=\"height: 48px;\">\n<td style=\"width: 32.1481%; height: 48px;\"><strong>4 krs:<\/strong> (Euler Hermes \/ Allianz Trade)<\/td>\n<td style=\"width: 67.8519%; height: 48px;\">Tiina Bj\u00f6rkqvist<br \/>\n040 921 8262<\/td>\n<\/tr>\n<tr>\n<td style=\"width: 32.1481%;\"><strong>4 krs:<\/strong>(J\u00e4\u00e4kiekon SM-liiga Oy)<\/td>\n<td style=\"width: 67.8519%;\">\n<p>Pirjo Nurminen<br \/>\n040 596 4096<\/p>\n<p>Riku Kallioniemi<br \/>\n044 768 8696<\/p>\n<\/td>\n<\/tr>\n<tr>\n<td style=\"width: 32.1481%;\"><strong>5 krs:<\/strong> (Avidly Oyj)<\/td>\n<td style=\"width: 67.8519%;\">\n<p>Lotta Paaso<\/p>\n<\/td>\n<\/tr>\n<tr style=\"height: 48px;\">\n<td style=\"width: 32.1481%; height: 10px;\"><strong>6 krs:<\/strong> (tilat tyhj\u00e4n\u00e4)<\/td>\n<td style=\"width: 67.8519%; height: 10px;\">\n<p>&#8211;<\/p>\n<\/td>\n<\/tr>\n<tr style=\"height: 91px;\">\n<td style=\"width: 32.1481%; height: 91px;\"><strong>6\u00a0krs: <\/strong>(tilat tyhj\u00e4n\u00e4)<\/td>\n<td style=\"width: 67.8519%; height: 91px;\">&#8211;<\/td>\n<\/tr>\n<\/tbody>\n<\/table>\n<table>\n<tbody>\n<tr>\n<td><strong>Aluevastaavia yhteens\u00e4: <\/strong>17 hl\u00f6<\/td>\n<\/tr>\n<\/tbody>\n<\/table>\n<p>&nbsp;<\/p>\n","protected":false},"excerpt":{"rendered":"<p>2.7 KIINTEIST\u00d6N TURVALLISUUSORGANISAATIO TURVALLISUUSORGANISAATION JOHTO: Kiinteist\u00f6n edustajat: Laura Pitk\u00e4nen (Colliers Finland) 046\u00a0875 2834 Turvallisuusp\u00e4\u00e4llikk\u00f6: Nimet\u00e4\u00e4n tilojen k\u00e4ytt\u00e4jist\u00e4 Apulaisturvallisuusp\u00e4\u00e4llikk\u00f6: Nimet\u00e4\u00e4n tilojen k\u00e4ytt\u00e4jist\u00e4 Suojelutoimisto: V\u00e4est\u00f6nsuojan tilat Puhelin: Ei ole ALUEVASTAAVAT: (aluevastaava vastaa oman vastuualueensa tyhjent\u00e4misest\u00e4) Kerros: Aluevastaavat: K krs \/ autohalli: Alexey Sitkin (kiinteist\u00f6n huoltomies) puh: 050 571 6264 Muut kiinteist\u00f6n huoltomiehet puh: 020 530 5700 Muut tilojen k\u00e4ytt\u00e4j\u00e4t 1 krs: (Oluthuone Konepaja \/\u00a0 Kuikka) Matti Ollikainen [&hellip;]<\/p>\n","protected":false},"author":1,"featured_media":0,"parent":0,"menu_order":0,"comment_status":"closed","ping_status":"closed","template":"","meta":{"footnotes":""},"class_list":["post-78","page","type-page","status-publish","hentry"],"_links":{"self":[{"href":"https:\/\/www.nettipelsu.fi\/pelsu\/fredriksberg\/wp-json\/wp\/v2\/pages\/78","targetHints":{"allow":["GET"]}}],"collection":[{"href":"https:\/\/www.nettipelsu.fi\/pelsu\/fredriksberg\/wp-json\/wp\/v2\/pages"}],"about":[{"href":"https:\/\/www.nettipelsu.fi\/pelsu\/fredriksberg\/wp-json\/wp\/v2\/types\/page"}],"author":[{"embeddable":true,"href":"https:\/\/www.nettipelsu.fi\/pelsu\/fredriksberg\/wp-json\/wp\/v2\/users\/1"}],"replies":[{"embeddable":true,"href":"https:\/\/www.nettipelsu.fi\/pelsu\/fredriksberg\/wp-json\/wp\/v2\/comments?post=78"}],"version-history":[{"count":127,"href":"https:\/\/www.nettipelsu.fi\/pelsu\/fredriksberg\/wp-json\/wp\/v2\/pages\/78\/revisions"}],"predecessor-version":[{"id":676,"href":"https:\/\/www.nettipelsu.fi\/pelsu\/fredriksberg\/wp-json\/wp\/v2\/pages\/78\/revisions\/676"}],"wp:attachment":[{"href":"https:\/\/www.nettipelsu.fi\/pelsu\/fredriksberg\/wp-json\/wp\/v2\/media?parent=78"}],"curies":[{"name":"wp","href":"https:\/\/api.w.org\/{rel}","templated":true}]}}