{"id":76,"date":"2017-11-13T15:54:46","date_gmt":"2017-11-13T13:54:46","guid":{"rendered":"http:\/\/www.nettipelsu.fi\/pelsu\/fredriksberg\/?page_id=76"},"modified":"2025-08-15T15:38:03","modified_gmt":"2025-08-15T12:38:03","slug":"2-6-turvattava-henkilosto","status":"publish","type":"page","link":"https:\/\/www.nettipelsu.fi\/pelsu\/fredriksberg\/2-6-turvattava-henkilosto\/","title":{"rendered":"2.6. Turvattava henkil\u00f6st\u00f6"},"content":{"rendered":"<p><strong>2.6. TURVATTAVA HENKIL\u00d6ST\u00d6<\/strong><br \/>\n<strong>Henkil\u00f6vahvuudet ja jakautuminen ty\u00f6paikoille<\/strong>: (keskim\u00e4\u00e4rin yht\u00e4 aikaa paikalla)<br \/>\n<strong>Yleisesti noudatettavat ty\u00f6ajat:<\/strong> toimistotilat, ark klo 7.00 &#8211; 17.00 (my\u00f6s ilta- ja viikonlopputy\u00f6t mahdollisia)<br \/>\nEstelina Oy, ark 9.00 -17.00<br \/>\nR-Kioski, ma-pe klo 06.30 &#8211; 22.00, la klo 07.30 &#8211; 22.00, su klo 09.00 &#8211; 21.00<br \/>\nR-Kioski, erikoispyh\u00e4t sunnuntai aukiolo-ajoilla<br \/>\nOluthuone Konepaja \/ Kuikka, ma-pe klo 11 &#8211; 02, la 12-03, su 12 -24 (alustavat aukioloajat)<br \/>\nravintola, ma -pe klo 8.00 &#8211; 24.00, la-su aukioloajat varmentuvat my\u00f6hemmin<\/p>\n<table style=\"height: 385px; width: 91.506%;\" width=\"678\">\n<tbody>\n<tr style=\"height: 24px;\">\n<td style=\"width: 257.18px; height: 24px;\"><strong>Ty\u00f6paikat:<\/strong><\/td>\n<td style=\"width: 98.86px; height: 24px;\"><strong>P\u00e4iv\u00e4:<\/strong><\/td>\n<td style=\"width: 89.89px; height: 24px;\"><strong>Ilta:<\/strong><\/td>\n<td style=\"width: 88.99px; height: 24px;\"><strong>Y\u00f6:<\/strong><\/td>\n<td style=\"width: 109.08px; height: 24px;\"><strong>Yhteens\u00e4:<\/strong><\/td>\n<\/tr>\n<tr style=\"height: 24px;\">\n<td style=\"width: 257.18px; height: 24px;\"><strong>K krs \/ autohalli:<\/strong><\/td>\n<td style=\"width: 98.86px; height: 24px;\">2<\/td>\n<td style=\"width: 89.89px; height: 24px;\">0<\/td>\n<td style=\"width: 88.99px; height: 24px;\">0<\/td>\n<td style=\"width: 109.08px; height: 24px;\">2<\/td>\n<\/tr>\n<tr style=\"height: 48px;\">\n<td style=\"width: 257.18px; height: 48px;\"><strong>1 krs: <\/strong>(Oluthuone Konepaja \/ Kuikka)<\/td>\n<td style=\"width: 98.86px; height: 48px;\">5 + 70<\/td>\n<td style=\"width: 89.89px; height: 48px;\">6 + 120 (max)<\/td>\n<td style=\"width: 88.99px; height: 48px;\">6 + 120 (max)<\/td>\n<td style=\"width: 109.08px; height: 48px;\">126 (max)<\/td>\n<\/tr>\n<tr style=\"height: 24px;\">\n<td style=\"width: 257.18px; height: 24px;\"><strong>1 krs:<\/strong> (R-kioski)<\/td>\n<td style=\"width: 98.86px; height: 24px;\">2 + 10<\/td>\n<td style=\"width: 89.89px; height: 24px;\">0<\/td>\n<td style=\"width: 88.99px; height: 24px;\">0<\/td>\n<td style=\"width: 109.08px; height: 24px;\">12<\/td>\n<\/tr>\n<tr style=\"height: 24px;\">\n<td style=\"width: 257.18px; height: 24px;\"><strong>1 krs:<\/strong> (Ripa Invest Oy)<\/td>\n<td style=\"width: 98.86px; height: 24px;\">2<\/td>\n<td style=\"width: 89.89px; height: 24px;\">0<\/td>\n<td style=\"width: 88.99px; height: 24px;\">0<\/td>\n<td style=\"width: 109.08px; height: 24px;\">2<\/td>\n<\/tr>\n<tr style=\"height: 24px;\">\n<td style=\"width: 257.18px; height: 24px;\"><strong>1 krs: <\/strong>(Alice Italian)<\/td>\n<td style=\"width: 98.86px; height: 24px;\">\u00a0<\/td>\n<td style=\"width: 89.89px; height: 24px;\">\u00a0<\/td>\n<td style=\"width: 88.99px; height: 24px;\">\u00a0<\/td>\n<td style=\"width: 109.08px; height: 24px;\">\u00a0<\/td>\n<\/tr>\n<tr style=\"height: 24px;\">\n<td style=\"width: 257.18px; height: 25px;\"><strong>1 &#8211; 2 krs:<\/strong> (Wonderland)<\/td>\n<td style=\"width: 98.86px; height: 25px;\">10 + 100<\/td>\n<td style=\"width: 89.89px; height: 25px;\">10 + 120<\/td>\n<td style=\"width: 88.99px; height: 25px;\">0<\/td>\n<td style=\"width: 109.08px; height: 25px;\">130<\/td>\n<\/tr>\n<tr style=\"height: 24px;\">\n<td style=\"width: 257.18px; height: 24px;\"><strong>2 krs:<\/strong> (Prenax Ab)<\/td>\n<td style=\"width: 98.86px; height: 24px;\">12 (max)<\/td>\n<td style=\"width: 89.89px; height: 24px;\">0<\/td>\n<td style=\"width: 88.99px; height: 24px;\">0<\/td>\n<td style=\"width: 109.08px; height: 24px;\">12 (max)<\/td>\n<\/tr>\n<tr style=\"height: 48px;\">\n<td style=\"width: 257.18px; height: 48px;\"><strong>3 krs:<\/strong> (Helsingin kaupungin talouspalvelut)<\/td>\n<td style=\"width: 98.86px; height: 48px;\">70<\/td>\n<td style=\"width: 89.89px; height: 48px;\">0<\/td>\n<td style=\"width: 88.99px; height: 48px;\">0<\/td>\n<td style=\"width: 109.08px; height: 48px;\">70<\/td>\n<\/tr>\n<tr>\n<td style=\"width: 257.18px;\"><strong>4 krs:<\/strong> (Helsingin kaupungin talouspalvelut)<\/td>\n<td style=\"width: 98.86px;\">\u00a0<\/td>\n<td style=\"width: 89.89px;\">\u00a0<\/td>\n<td style=\"width: 88.99px;\">\u00a0<\/td>\n<td style=\"width: 109.08px;\">\u00a0<\/td>\n<\/tr>\n<tr>\n<td style=\"width: 257.18px;\"><strong>4 krs:<\/strong> (Euler Hermes \/ Allianz Trade)<\/td>\n<td style=\"width: 98.86px;\">15 (max)<\/td>\n<td style=\"width: 89.89px;\">0<\/td>\n<td style=\"width: 88.99px;\">0<\/td>\n<td style=\"width: 109.08px;\">15 (max)<\/td>\n<\/tr>\n<tr style=\"height: 24px;\">\n<td style=\"width: 257.18px; height: 24px;\"><strong>4 krs:<\/strong> (J\u00e4\u00e4kiekon SM Liiga Oy)<\/td>\n<td style=\"width: 98.86px; height: 24px;\">8 + 2<\/td>\n<td style=\"width: 89.89px; height: 24px;\">0<\/td>\n<td style=\"width: 88.99px; height: 24px;\">0<\/td>\n<td style=\"width: 109.08px; height: 24px;\">10<\/td>\n<\/tr>\n<tr style=\"height: 24px;\">\n<td style=\"width: 257.18px; height: 24px;\"><strong>5 krs:<\/strong> (Avidly Oyj)<\/td>\n<td style=\"width: 98.86px; height: 24px;\">60<\/td>\n<td style=\"width: 89.89px; height: 24px;\">0<\/td>\n<td style=\"width: 88.99px; height: 24px;\">0<\/td>\n<td style=\"width: 109.08px; height: 24px;\">60<\/td>\n<\/tr>\n<tr style=\"height: 24px;\">\n<td style=\"width: 257.18px; height: 24px;\"><strong>6 krs:<\/strong> (tilat tyhj\u00e4n\u00e4)<\/td>\n<td style=\"width: 98.86px; height: 24px;\">0<\/td>\n<td style=\"width: 89.89px; height: 24px;\">0<\/td>\n<td style=\"width: 88.99px; height: 24px;\">0<\/td>\n<td style=\"width: 109.08px; height: 24px;\">0<\/td>\n<\/tr>\n<tr style=\"height: 24px;\">\n<td style=\"width: 257.18px; height: 24px;\"><strong>6\u00a0krs: <\/strong>(tilat tyhj\u00e4n\u00e4)<\/td>\n<td style=\"width: 98.86px; height: 24px;\">0<\/td>\n<td style=\"width: 89.89px; height: 24px;\">\u00a00<\/td>\n<td style=\"width: 88.99px; height: 24px;\">\u00a00<\/td>\n<td style=\"width: 109.08px; height: 24px;\">0<\/td>\n<\/tr>\n<\/tbody>\n<\/table>\n<p>&nbsp;<\/p>\n<table width=\"678\">\n<tbody>\n<tr>\n<td width=\"217\"><strong>Yhteens\u00e4 suojeltavaa henkil\u00f6st\u00f6\u00e4:<\/strong><\/td>\n<td width=\"461\">439 hl\u00f6 (207+232)<\/td>\n<\/tr>\n<\/tbody>\n<\/table>\n<p><strong>H\u00e4lytystapa ja reitti v\u00e4est\u00f6nsuojaan:<\/strong><\/p>\n<table width=\"678\">\n<tbody>\n<tr>\n<td width=\"208\"><strong>Kunnan h\u00e4lytystapa:<\/strong><\/td>\n<td width=\"471\">Elektroninen suurtehoh\u00e4lytin<\/td>\n<\/tr>\n<tr>\n<td width=\"208\"><strong>Sis\u00e4inen h\u00e4lytys annetaan:<\/strong><\/td>\n<td width=\"471\">Huutamalla ja palokellojen avulla<\/td>\n<\/tr>\n<tr>\n<td width=\"208\"><strong>V\u00e4est\u00f6nsuojat sijaitsevat: <\/strong>(2 kpl)<\/td>\n<td width=\"471\">Kellarikerroksen tiloissa, Aleksis Kiven kadun puolella<\/td>\n<\/tr>\n<tr>\n<td width=\"208\"><strong>Reitti v\u00e4est\u00f6nsuojaan:<\/strong><\/td>\n<td width=\"471\">A1 ja A3 portaiden kautta kellarikerrokseen. Reitit on merkitty virallisin vss-merkein<\/td>\n<\/tr>\n<\/tbody>\n<\/table>\n<p>&nbsp;<\/p>\n","protected":false},"excerpt":{"rendered":"<p>2.6. TURVATTAVA HENKIL\u00d6ST\u00d6 Henkil\u00f6vahvuudet ja jakautuminen ty\u00f6paikoille: (keskim\u00e4\u00e4rin yht\u00e4 aikaa paikalla) Yleisesti noudatettavat ty\u00f6ajat: toimistotilat, ark klo 7.00 &#8211; 17.00 (my\u00f6s ilta- ja viikonlopputy\u00f6t mahdollisia) Estelina Oy, ark 9.00 -17.00 R-Kioski, ma-pe klo 06.30 &#8211; 22.00, la klo 07.30 &#8211; 22.00, su klo 09.00 &#8211; 21.00 R-Kioski, erikoispyh\u00e4t sunnuntai aukiolo-ajoilla Oluthuone Konepaja \/ Kuikka, ma-pe klo 11 &#8211; 02, la 12-03, su 12 -24 (alustavat [&hellip;]<\/p>\n","protected":false},"author":1,"featured_media":0,"parent":0,"menu_order":0,"comment_status":"closed","ping_status":"closed","template":"","meta":{"footnotes":""},"class_list":["post-76","page","type-page","status-publish","hentry"],"_links":{"self":[{"href":"https:\/\/www.nettipelsu.fi\/pelsu\/fredriksberg\/wp-json\/wp\/v2\/pages\/76","targetHints":{"allow":["GET"]}}],"collection":[{"href":"https:\/\/www.nettipelsu.fi\/pelsu\/fredriksberg\/wp-json\/wp\/v2\/pages"}],"about":[{"href":"https:\/\/www.nettipelsu.fi\/pelsu\/fredriksberg\/wp-json\/wp\/v2\/types\/page"}],"author":[{"embeddable":true,"href":"https:\/\/www.nettipelsu.fi\/pelsu\/fredriksberg\/wp-json\/wp\/v2\/users\/1"}],"replies":[{"embeddable":true,"href":"https:\/\/www.nettipelsu.fi\/pelsu\/fredriksberg\/wp-json\/wp\/v2\/comments?post=76"}],"version-history":[{"count":36,"href":"https:\/\/www.nettipelsu.fi\/pelsu\/fredriksberg\/wp-json\/wp\/v2\/pages\/76\/revisions"}],"predecessor-version":[{"id":668,"href":"https:\/\/www.nettipelsu.fi\/pelsu\/fredriksberg\/wp-json\/wp\/v2\/pages\/76\/revisions\/668"}],"wp:attachment":[{"href":"https:\/\/www.nettipelsu.fi\/pelsu\/fredriksberg\/wp-json\/wp\/v2\/media?parent=76"}],"curies":[{"name":"wp","href":"https:\/\/api.w.org\/{rel}","templated":true}]}}