{"id":72,"date":"2017-11-13T15:53:54","date_gmt":"2017-11-13T13:53:54","guid":{"rendered":"http:\/\/www.nettipelsu.fi\/pelsu\/fredriksberg\/?page_id=72"},"modified":"2025-08-14T12:10:39","modified_gmt":"2025-08-14T09:10:39","slug":"2-4-energia-vesi-sahkon-paakytkin-ilmastointi-ja-paloilmoitinkeskus","status":"publish","type":"page","link":"https:\/\/www.nettipelsu.fi\/pelsu\/fredriksberg\/2-4-energia-vesi-sahkon-paakytkin-ilmastointi-ja-paloilmoitinkeskus\/","title":{"rendered":"2.4. Energia, vesi, s\u00e4hk\u00f6n p\u00e4\u00e4kytkin, ilmastointi ja paloilmoitinkeskus"},"content":{"rendered":"<p><strong>2.4 ENERGIA, VESI, S\u00c4HK\u00d6N P\u00c4\u00c4KYTKIN, ILMASTOINNIN- JA SAVUNPOISTON KYTKIN SEK\u00c4 PALOILMOITINKESKUS<\/strong><\/p>\n<table width=\"678\">\n<tbody>\n<tr>\n<td width=\"206\"><strong>S\u00e4hk\u00f6n toimittaja:<\/strong><\/td>\n<td width=\"473\">Helen S\u00e4hk\u00f6verkko Oy<\/td>\n<\/tr>\n<tr>\n<td width=\"206\"><strong>Veden toimittaja:<\/strong><\/td>\n<td width=\"473\">HSY,vesi<\/td>\n<\/tr>\n<tr>\n<td width=\"206\"><strong>Veden p\u00e4\u00e4sulku sijaitsee:<\/strong><\/td>\n<td width=\"473\">Kellarikerros, l\u00e4mm\u00f6njakohuoneen tilassa<\/td>\n<\/tr>\n<tr>\n<td width=\"206\"><strong>S\u00e4hk\u00f6n p\u00e4\u00e4kytkin sijaitsee:<\/strong><\/td>\n<td width=\"473\">Kellarikerros, s\u00e4hk\u00f6p\u00e4\u00e4keskuksen tilassa<\/td>\n<\/tr>\n<tr>\n<td width=\"206\"><strong>Ilmastoinnin h\u00e4t\u00e4katkaisukytkin sijaitsee:<\/strong><\/td>\n<td width=\"473\">Ensimm\u00e4inen kerros, paloilmoitinkeskuksen vieress\u00e4, A3- porras<\/td>\n<\/tr>\n<tr>\n<td width=\"206\"><strong>Savunpoiston laukaisupainikkeet sijaitsevat:<\/strong> (9 kpl)<\/td>\n<td width=\"473\">Ensimm\u00e4inen kerros, savunpoiston laukaisukeskuksen kannessa kiinni, sek\u00e4 porrashuoneiden ensimm\u00e4isen kerroksen tasanteilla ja molemmissa iv-konehuoneissa<\/td>\n<\/tr>\n<tr>\n<td width=\"206\"><strong>Ilmastoinnin katkaisee:<\/strong><\/td>\n<td width=\"473\">Arkisin ty\u00f6aikana kiinteist\u00f6n huoltomies ja muina aikoina ravintolan henkil\u00f6kunta<\/td>\n<\/tr>\n<tr>\n<td width=\"206\"><strong>Paloilmoitinkeskus sijaitsee:<\/strong><\/td>\n<td width=\"473\">Ensimm\u00e4inen kerroksen tasanteella, A3- portaassa, l\u00e4hell\u00e4 ulko-ovea<\/td>\n<\/tr>\n<tr>\n<td width=\"206\"><strong>Paloilmoitinkeskuksen hoitaja:<\/strong><\/td>\n<td width=\"473\">Kiinteist\u00f6huolto ARE Oy, puh 020 530 5700 (24h)<\/td>\n<\/tr>\n<\/tbody>\n<\/table>\n<p>&nbsp;<\/p>\n","protected":false},"excerpt":{"rendered":"<p>2.4 ENERGIA, VESI, S\u00c4HK\u00d6N P\u00c4\u00c4KYTKIN, ILMASTOINNIN- JA SAVUNPOISTON KYTKIN SEK\u00c4 PALOILMOITINKESKUS S\u00e4hk\u00f6n toimittaja: Helen S\u00e4hk\u00f6verkko Oy Veden toimittaja: HSY,vesi Veden p\u00e4\u00e4sulku sijaitsee: Kellarikerros, l\u00e4mm\u00f6njakohuoneen tilassa S\u00e4hk\u00f6n p\u00e4\u00e4kytkin sijaitsee: Kellarikerros, s\u00e4hk\u00f6p\u00e4\u00e4keskuksen tilassa Ilmastoinnin h\u00e4t\u00e4katkaisukytkin sijaitsee: Ensimm\u00e4inen kerros, paloilmoitinkeskuksen vieress\u00e4, A3- porras Savunpoiston laukaisupainikkeet sijaitsevat: (9 kpl) Ensimm\u00e4inen kerros, savunpoiston laukaisukeskuksen kannessa kiinni, sek\u00e4 porrashuoneiden ensimm\u00e4isen kerroksen tasanteilla ja molemmissa iv-konehuoneissa Ilmastoinnin katkaisee: Arkisin ty\u00f6aikana kiinteist\u00f6n huoltomies [&hellip;]<\/p>\n","protected":false},"author":1,"featured_media":0,"parent":0,"menu_order":0,"comment_status":"closed","ping_status":"closed","template":"","meta":{"footnotes":""},"class_list":["post-72","page","type-page","status-publish","hentry"],"_links":{"self":[{"href":"https:\/\/www.nettipelsu.fi\/pelsu\/fredriksberg\/wp-json\/wp\/v2\/pages\/72","targetHints":{"allow":["GET"]}}],"collection":[{"href":"https:\/\/www.nettipelsu.fi\/pelsu\/fredriksberg\/wp-json\/wp\/v2\/pages"}],"about":[{"href":"https:\/\/www.nettipelsu.fi\/pelsu\/fredriksberg\/wp-json\/wp\/v2\/types\/page"}],"author":[{"embeddable":true,"href":"https:\/\/www.nettipelsu.fi\/pelsu\/fredriksberg\/wp-json\/wp\/v2\/users\/1"}],"replies":[{"embeddable":true,"href":"https:\/\/www.nettipelsu.fi\/pelsu\/fredriksberg\/wp-json\/wp\/v2\/comments?post=72"}],"version-history":[{"count":10,"href":"https:\/\/www.nettipelsu.fi\/pelsu\/fredriksberg\/wp-json\/wp\/v2\/pages\/72\/revisions"}],"predecessor-version":[{"id":651,"href":"https:\/\/www.nettipelsu.fi\/pelsu\/fredriksberg\/wp-json\/wp\/v2\/pages\/72\/revisions\/651"}],"wp:attachment":[{"href":"https:\/\/www.nettipelsu.fi\/pelsu\/fredriksberg\/wp-json\/wp\/v2\/media?parent=72"}],"curies":[{"name":"wp","href":"https:\/\/api.w.org\/{rel}","templated":true}]}}