{"id":70,"date":"2017-11-13T15:52:55","date_gmt":"2017-11-13T13:52:55","guid":{"rendered":"http:\/\/www.nettipelsu.fi\/pelsu\/fredriksberg\/?page_id=70"},"modified":"2025-08-15T10:46:45","modified_gmt":"2025-08-15T07:46:45","slug":"2-2-kiinteiston-kuvaus-varapoistumisreitit-seka-yhteinen-kokoontumispaikka","status":"publish","type":"page","link":"https:\/\/www.nettipelsu.fi\/pelsu\/fredriksberg\/2-2-kiinteiston-kuvaus-varapoistumisreitit-seka-yhteinen-kokoontumispaikka\/","title":{"rendered":"2.2. Kiinteist\u00f6n kuvaus, varapoistumisreitit sek\u00e4 yhteinen kokoontumispaikka"},"content":{"rendered":"<p><strong>2.2. KIINTEIST\u00d6N KUVAUS JA YHTEINEN KOKOONTUMISPAIKKA <\/strong><\/p>\n<p>Kyseess\u00e4 on toimisto- ja liikekiinteist\u00f6, joka sijaitsee Vallilassa, vilkkaasti liikenn\u00f6idyn Aleksis Kiven kadun ja Sturenkadun kulmassa, kaupunginosassa 15, korttelissa 526, tontilla 2, jonka pinta-ala on 2 365 m\u00b2 ja osoite; Konepajankuja 1, 00510 Helsinki. Kiinteist\u00f6 on valmistunut v. 2018 ja se sijaitsee asemakaavoitetulla alueella, k\u00e4sitt\u00e4en yhden maanalaisen- ja kuusi maanp\u00e4\u00e4llist\u00e4 kerrosta. Kiinteist\u00f6 on rakenteeltaan betonirunkoinen, jonka julkisivu on tiilimuurattu, kantavat pystyrakenteet betonia, kattomallin ollessa tasahuopakatto.<\/p>\n<p>Kiinteist\u00f6n omistaa REF EP Finland 2 Oy\u00a0ja tontin Helsinki kaupunki (pitk\u00e4aikainen vuokrasopimus). Kiinteist\u00f6n bruttosala on 11\u00a0633 m2, kerrosala 9\u00a0978 m2 ja tilavuus 52 500 m3, kiinteist\u00f6n kuuluessa kaupungin kaukol\u00e4mp\u00f6jakeluverkoston piiriin, l\u00e4mmitystavan ollessa kaukol\u00e4mp\u00f6 ja kaukoj\u00e4\u00e4hdytys. Kiinteist\u00f6n paloluokka on P1, eik\u00e4 siin\u00e4 ole asuinhuoneistoja.<\/p>\n<p>Kiinteist\u00f6ss\u00e4 on autohalli, jossa on autopaikat 41 autolle (kolme paikkaa on varattu s\u00e4hk\u00f6autojen latauspaikoiksi ja yksi invapys\u00e4k\u00f6intiin). Liikenne autohalliin tapahtuu valvotusti Konepajankujan puolelta. Lis\u00e4ksi polkupy\u00f6rille on varattu tilat sis\u00e4pihan puolelta.<\/p>\n<p><strong>K-krs:<br \/>\n<\/strong>Kellarikerroksessa sijaitsevat autohalli, kaksi v\u00e4est\u00f6nsuojaa, l\u00e4mm\u00f6njako- ja kaukokylm\u00e4huone (samassa tilassa sijaitsee my\u00f6s veden p\u00e4\u00e4sulku), muuntamo, s\u00e4hk\u00f6p\u00e4\u00e4keskus, sprinklerikeskus, teletila (samassa tilassa sijaitsee my\u00f6s turvavalokeskus ja kulunvalvonnan p\u00e4\u00e4teohjaimia), maakaasun p\u00e4\u00e4sulku, sosiaali- ja suihku- ja wc-tilat, siivouskeskus, tekninen varasto, sek\u00e4 muita varastotiloja.<\/p>\n<p><strong>1 krs:<br \/>\n<\/strong>Ensimm\u00e4isess\u00e4 kerroksessa sijaitsevat liiketilat, sek\u00e4 aula-, ravintola- ja keitti\u00f6tilat, yhteisk\u00e4ytt\u00f6- ja toimistotilat, neuvotteluhuoneet, paloilmoitinkeskus, SPOK-keskus, savunpoistopainikkeet, iv-h\u00e4t\u00e4seispainike, kylm\u00e4huone, wc:t, huoltok\u00e4yt\u00e4v\u00e4, varastotilat, j\u00e4tehuone, sek\u00e4 useita s\u00e4hk\u00f6keskuksia.<\/p>\n<p><strong>2 krs:<br \/>\n<\/strong>Toisessa kerroksessa sijaitsevat toimisto- ja neuvottelutilat, taukokeitti\u00f6, sek\u00e4 varasto- ja wc-tilat.<\/p>\n<p><strong>3 krs:<br \/>\n<\/strong>Kolmannessa kerroksessa sijaitsevat toimisto- ja neuvottelutilat, taukokeitti\u00f6, sek\u00e4 varasto- ja wc-tilat.<\/p>\n<p><strong>4 krs:<br \/>\n<\/strong>Nelj\u00e4nness\u00e4 kerroksessa sijaitsevat toimisto- ja neuvottelutilat, taukokeitti\u00f6, sek\u00e4 varasto- ja wc-tilat.<\/p>\n<p><strong>5 krs:<br \/>\n<\/strong>Viidenness\u00e4 kerroksessa sijaitsevat toimisto- ja neuvottelutilat, taukokeitti\u00f6, sek\u00e4 varasto- ja wc-tilat.<\/p>\n<p><strong>6 krs:<br \/>\n<\/strong>Kuudennessa kerroksessa sijaitsevat toimisto- ja neuvottelutilat, taukokeitti\u00f6, sek\u00e4 varasto- ja wc-tilat. Kuudennessa kerroksessa sijaitsee my\u00f6s kaksi iv- konehuonetta, joiden kautta tapahtuu kulku katolle.<\/p>\n<p><strong>Ullakko:<br \/>\n<\/strong>Ei ole.<\/p>\n<p><strong>Vesikatto:<br \/>\n<\/strong>Vesikatolla sijaitsevat kiinteist\u00f6n aurinkopaneelikennot, poistoilmapuhaltimet ja savunpoistoluukut.<\/p>\n<p><strong>Porrask\u00e4yt\u00e4v\u00e4t:<\/strong><br \/>\nKiinteist\u00f6ss\u00e4 on kolme varsinaista porrask\u00e4yt\u00e4v\u00e4\u00e4, jotka sijaitsevat seuraavasti:<\/p>\n<ul>\n<li>A1- porras, tasoporras (kulku kellarikerros &#8211; 6 krs)<\/li>\n<li>A2- porras, kierreporras, Aleksis Kiven kadun puolella (kulku kellarikerros &#8211; 6 krs)<\/li>\n<li>A3- porras, kierreporras, Konepajankujan puolella (kulku kellarikerros &#8211; 6 krs)<\/li>\n<\/ul>\n<p>Lis\u00e4ksi aulatilassa sijaitsee yksi kierreporras (kulku 1-2 krs).<br \/>\nKaikki kyseiset portaat toimivat my\u00f6s h\u00e4t\u00e4poistumisportaina.<\/p>\n<p><strong>Hissit:<\/strong><br \/>\nKiinteist\u00f6ss\u00e4 on kaksi henkil\u00f6hissi\u00e4, jotka kulkevat kellarikerroksen ja kuudennen kerroksen v\u00e4lill\u00e4. Hissih\u00e4lytykset menev\u00e4t suoraan Schindlerin vikap\u00e4ivystykseen, puh 0203 20500 (24h), josta l\u00e4hetet\u00e4\u00e4n huoltomies tarvittaessa paikalle. Hisseist\u00e4 on my\u00f6s suora puhe- ja \u00e4\u00e4niyhteys Schindlerin vikap\u00e4ivystykseen.<\/p>\n<p><strong>Kiinteist\u00f6n edusta:<\/strong><br \/>\nKiinteist\u00f6n edusta on siisti ja selke\u00e4, mit\u00e4\u00e4n palavaa- tai muutakaan materiaalia ei s\u00e4ilytet\u00e4 rakenteiden v\u00e4litt\u00f6m\u00e4ss\u00e4 l\u00e4heisyydess\u00e4, joten tuhopolton- tai ilkivallan riski on pieni.<\/p>\n<p><strong>Ulkokuoren valaistus:<\/strong><br \/>\nKiinteist\u00f6n ulkokuoren valaistus on hyv\u00e4.<\/p>\n<p><strong>J\u00e4tehuolto:<\/strong><br \/>\nKiinteist\u00f6n j\u00e4tehuolto on keskitetty ensimm\u00e4isen kerroksen tiloihin, tarkemmin Konepajankujan puolelle, jossa sijaitsevat erilliset sammiot bio- ja energiaj\u00e4tteille, sek\u00e4 paperille, kartongille, metallille ja lasille. Roskapiste tyhjennet\u00e4\u00e4n viikoittain Lassila &amp; Tikanoja Oyj:n toimesta.<\/p>\n<p><strong>Tekniset turvallisuusj\u00e4rjestelm\u00e4t:<\/strong><br \/>\nKiinteist\u00f6ss\u00e4 on k\u00e4yt\u00f6ss\u00e4 tallentavat kamera- ja kulunvalvontaj\u00e4rjestelm\u00e4t, sek\u00e4 osin my\u00f6s liikeilmaisimet, jotka sijaitsevat ajorampin yhteydess\u00e4. Kiinteist\u00f6ss\u00e4 toimivilla yrityksill\u00e4 on k\u00e4yt\u00f6ss\u00e4\u00e4n my\u00f6s omia teknisi\u00e4 turvallisuusj\u00e4rjestelmi\u00e4 tilojensa suojaamiseksi.<\/p>\n<p><strong>Evakuointi- ja kuulutusj\u00e4rjestelm\u00e4t:<\/strong><br \/>\nEi ole.<\/p>\n<p><strong>Maakaasu:<\/strong><br \/>\nMaakaasua on k\u00e4yt\u00f6ss\u00e4 ensimm\u00e4isen kerroksen ravintolan keitti\u00f6tiloissa ruuan valmistuksen vuoksi.<\/p>\n<p><strong>Maakaasun p\u00e4\u00e4sulku:<\/strong><br \/>\nMaakaasun p\u00e4\u00e4sulku sijaitsee autohallin tilassa, Konepajankujan puoleisessa sein\u00e4ss\u00e4 (pinta-asennettu).<\/p>\n<p><strong>Alkusammutusv\u00e4lineet:<\/strong><br \/>\nKiinteist\u00f6n alkusammutusv\u00e4linein\u00e4 toimivat kerroskohtaiset jauhesammuttimet, sprinklaus ja pikapalopostit, sek\u00e4 tilakohtaiset hiilidioksidisammuttimet ja sammutuspeitteet. Kiinteist\u00f6n omistaja huolehtii- ja vastaa sammuttimien lakis\u00e4\u00e4teisist\u00e4 m\u00e4\u00e4r\u00e4aikaishuolloista ja tarkastuksista.<\/p>\n<p><strong>Automaattiset palo-ovet:<\/strong><br \/>\nEi ole.<\/p>\n<p><strong>Palokunnan sy\u00f6tt\u00f6liittimet:<\/strong><br \/>\nPalokunnan sy\u00f6tt\u00f6liittimet sijaitsevat Konepajankujan puolella, autohallin ajoluiskan l\u00e4heisyydess\u00e4.<\/p>\n<p><strong>Palokunnan hy\u00f6kk\u00e4ystie:<\/strong><br \/>\nPalokunnan hy\u00f6kk\u00e4ystie kiinteist\u00f6\u00f6n tapahtuu ensisijaisesti Konepajankujan puolelta paloilmoitinkeskuksen luokse ja siit\u00e4 edelleen h\u00e4lytt\u00e4v\u00e4\u00e4n tilaan. My\u00f6s kellarikerrokseen on osoitettu erillinen sammutusreitti autosuojan nosto-oven kautta. Sturenkadun puolella voidaan operoida my\u00f6s pelastuslaitoksen nostokalustolla soveltuvin osin.<\/p>\n<p><strong>Palokunnan reittiavain:<\/strong><br \/>\nPalokunnan reittiavain sijaitsee avains\u00e4il\u00f6n sis\u00e4ll\u00e4, Konepajankujan puolella olevan ulko-oven vieress\u00e4. Toinen avains\u00e4il\u00f6 sijaitsee sis\u00e4puolella, paloilmoitinkeskuksen vieress\u00e4 (sis\u00e4lt\u00e4\u00e4 yleisavaimen). Palokunnan v\u00e4liaikainen reitti paloilmoitinkeskukselle kulkee Konepajankujan puolella sijaitsevan huoltok\u00e4yt\u00e4v\u00e4n kautta.<\/p>\n<p><strong>Paloilmoitinkeskus:<\/strong><br \/>\nKiinteist\u00f6ss\u00e4 on paloilmoitinkeskus (Panasonic), joka sijaitsee Konepajankujan puolella olevan A3- portaan ensimm\u00e4isen kerroksen tasanteella, ulko-oven l\u00e4hell\u00e4. Paloilmoitinkeskus toimii samalla sprinklerin h\u00e4lytyksen v\u00e4litt\u00e4j\u00e4n\u00e4. Paloilmoittimen h\u00e4lytykset on ryhmitelty siten, ett\u00e4 rakennukset A ja D muodostavat omat h\u00e4lytys-\/evakuointialueensa ja rakennukset B ja C yhdess\u00e4 omansa. N\u00e4in ollen n\u00e4iden kokonaisuuksien alueella tapahtuva paloilmaisu aiheuttaa h\u00e4lytyksen ainoastaan kyseisess\u00e4 rakennuksessa.<\/p>\n<p><strong>Paloilmoitinpainike:<\/strong><br \/>\nKiinteist\u00f6ss\u00e4 on useita kerroskohtaisia paloilmoitinpainikkeita.<\/p>\n<p><strong>Palokellot:<\/strong><br \/>\nKiinteist\u00f6ss\u00e4 on useita kerroskohtaisia palokelloja, jotka kuuluvat hyvin tiloissa.<\/p>\n<p><strong>Paloilmaisimet:<\/strong><br \/>\nKiinteist\u00f6n paloilmaisimina toimivat kerroskohtaiset savu- ja l\u00e4mp\u00f6ilmaisimet.<\/p>\n<p><strong>Sprinklaus:<\/strong><br \/>\nKiinteist\u00f6ss\u00e4 on automaattinen sprinklerilaitteisto, joista autohallin ja toimistokerrosten tilat kuuluvat m\u00e4rk\u00e4j\u00e4rjestelm\u00e4n piiriin ja autohallin ajoluiska kuivaj\u00e4rjestelm\u00e4n piiriin. Sprinklerilaitteistojen vesil\u00e4hteen\u00e4 toimii HSY vesijohto ja se kattaa kaikki tilat.<\/p>\n<p><strong>Sprinklerikeskus:<\/strong><br \/>\nSprinklerikeskus sijaitsee kellarikerroksen tilassa. Sprinklerikeskukseen on asennettu kaksi kappaletta DN 100 m\u00e4rk\u00e4h\u00e4lytysventtiili\u00e4 oheislaitteineen, sek\u00e4 yksi kappale DN100 kuivah\u00e4lytysventtiili\u00e4 oheislaitteineen.<\/p>\n<p><strong>Sprinkler-sy\u00f6tt\u00f6liittimet:<\/strong><br \/>\nSprinklerin sy\u00f6tt\u00f6liittimet (2 kpl) sijaitsevat katutasossa, Konepajankujan puolella olevan sis\u00e4\u00e4nk\u00e4ynnin ja ajoluiskan vieress\u00e4 (sy\u00f6tt\u00f6paine max. 12 bar). Lis\u00e4ksi sy\u00f6tt\u00f6liittimien vieress\u00e4 sijaitsee kaksi kuivanousuliitint\u00e4.<\/p>\n<p><strong>Srinkler-kello:<\/strong><br \/>\nEi ole.<\/p>\n<p><strong>Savunpoisto:<\/strong><br \/>\nKiinteist\u00f6n savunpoisto tapahtuu maanp\u00e4\u00e4llisten kerrosten osalta painovoimaisesti ja kellarikerroksen \/ autohallin osalta koneellisesti erillisten savunpoistopuhaltimien avulla. Kiinteist\u00f6\u00f6n on laadittu erillinen savunpoistosuunnitelma, josta ilmenee tarkempi kuvaus savunpoistoj\u00e4rjestelm\u00e4st\u00e4. Savunpoistosuunnitelmaa s\u00e4ilytet\u00e4\u00e4n SPOK-keskuksen yhteydess\u00e4.<\/p>\n<p><strong>Savunpoiston laukaisukeskus: <\/strong><br \/>\nSavunpoiston laukaisukeskus sijaitsee paloilmoitinkeskusta vastap\u00e4\u00e4t\u00e4, Konepajankujan puolella olevan A3-portaan ensimm\u00e4isen kerroksen tasanteella, l\u00e4hell\u00e4 ulko-ovea.<\/p>\n<p><strong>Savunpoiston ohjauskeskus: (SPOK)<\/strong><br \/>\nSavunpoiston ohjauskeskus sijaitsee paloilmoitinkeskusta vastap\u00e4\u00e4t\u00e4, Konepajankujan puolella olevan A3-portaan ensimm\u00e4isen kerroksen tasanteella, l\u00e4hell\u00e4 ulko-ovea.<\/p>\n<p><strong>Savunpoiston laukaisupainikkeet:<\/strong><br \/>\nSavunpoiston laukaisupainikkeet (9 kpl) sijaitsevat savunpoiston laukaisukeskuksen kannessa kiinni, sek\u00e4 porrashuoneiden ensimm\u00e4isen kerroksen tasanteilla ja molemmissa iv-konehuoneissa.<br \/>\nSavunpoiston laukaisupainikkeet on merkitty seuraavasti:<\/p>\n<ul>\n<li>PRH 1<\/li>\n<li>PRH 2<\/li>\n<li>PRH 3<\/li>\n<li>Aula<\/li>\n<\/ul>\n<p><strong>Savunpoistoluukut:<\/strong><br \/>\nKiinteist\u00f6ss\u00e4 on kuusi s\u00e4hk\u00f6isesti avattavaa savunpoistoluukkua, jotka sijaitsevat porrask\u00e4yt\u00e4vien yl\u00e4tasanteilla, sek\u00e4 molemmissa iv-konehuoneissa.<\/p>\n<p><strong>Savunpoistoikkunat:<\/strong><br \/>\nKiinteist\u00f6ss\u00e4 on kolme s\u00e4hk\u00f6isesti avattavaa savunpoistoikkunaa, jotka sijaitsevat aulan lasikaton yhteydess\u00e4. Lis\u00e4ksi jokaisessa maanp\u00e4\u00e4llisess\u00e4 kerroksessa on useita manuaalisesti avattavia savunpoistoikkunoita.<\/p>\n<p><strong>Savunpoistopuhaltimet:<\/strong><br \/>\nAutohallissa on kaksi erillist\u00e4 savunpoistopuhallinta, joiden ulospuhallus tapahtuu ensimm\u00e4isen kerroksen tasolta.<\/p>\n<p><strong>Savunpoistopuhaltimien virtakytkin: <\/strong><br \/>\nSavunpoistopuhaltimien virtakytkin sijaitsee savunpoistokeskuksen yhteydess\u00e4.<\/p>\n<p><strong>Savuverhot:<\/strong><br \/>\nEi ole.<\/p>\n<p><strong>Turvavalokeskus:<\/strong><br \/>\nKiinteist\u00f6ss\u00e4 on kaksi akkuvarmennettua turvavalokeskusta (NeptoLux), joista toinen sijaitsee kellarikerroksen teletilassa ja toinen kuudennen kerroksen iv-konehuoneen tilassa (6.0005).<br \/>\nPoistumisteiden merkkivalojen valaistuksen toiminta-aika on v\u00e4hint\u00e4\u00e4n 60 minuuttia.<\/p>\n<p><strong>V\u00e4est\u00f6nsuoja:<\/strong><br \/>\nKiinteist\u00f6ss\u00e4 on kaksi v\u00e4est\u00f6nsuojaa, jotka sijaitsevat kellarikerroksen tiloissa. Molemmat v\u00e4est\u00f6nsuojat ovat tyhjennett\u00e4viss\u00e4- ja k\u00e4ytt\u00f6\u00f6nottokunnossa 72 tunnin vasteajalla.<\/p>\n<p><strong>Avainhallinta \/ lukitus:<\/strong><br \/>\nKiinteist\u00f6n lukitus pohjautuu Sento-sarjoitukselle, jonka avainhallinnasta vastaa AccessPoint Oy asiakaspalvelu, puh 010 219 6380 (arkisin 8-16)\u00a0 ja sarjoituksesta is\u00e4nn\u00f6itsij\u00e4 Laura Pitk\u00e4nen, puh 046 875 2834.<\/p>\n<p><strong>S\u00e4hk\u00f6p\u00e4\u00e4keskus:<\/strong><br \/>\nKiinteist\u00f6n s\u00e4hk\u00f6p\u00e4\u00e4keskus sijaitsee kellarikerroksen tilassa.<\/p>\n<p><strong>UPS \/ varavoima:<\/strong><br \/>\nKiinteist\u00f6ss\u00e4 ei ole UPS- tai varavoimaj\u00e4rjestelm\u00e4\u00e4, joten mahdollisen s\u00e4hk\u00f6katkoksen varalle kannattaa tiloihin hankkia muutama k\u00e4sivalaisin, sek\u00e4 paristoilla toimiva matkaradio.<\/p>\n<p><strong>Koneellinen ilmastointi:<\/strong><br \/>\nKiinteist\u00f6ss\u00e4 on yhteens\u00e4 seitsem\u00e4n tulo- ja poistoilmakonetta, joiden iv-konehuoneet (2 kpl) sijaitsevat kuudennen kerroksen tilassa. Iv-konehuoneiden kautta tapahtuu kulku my\u00f6s katolle. Molemmissa iv-konehuoneissa sijaitsee my\u00f6s yksi savunpoistoluukkujen laukaisupainike.<\/p>\n<p><strong>Ilmastointilaitteiden- ja kanavien puhdistus:<\/strong><br \/>\nKiinteist\u00f6 on valmistunut vuonna 2018, joten ilmastointilaitteiden- ja kanavien puhdistus ei ole ajankohtaista l\u00e4hivuosien aikana. Ravintolan keitti\u00f6n osalta puhdistus tapahtuu lakis\u00e4\u00e4teisesti kerran vuodessa.<\/p>\n<p><strong>Tulvavahingot:<\/strong><br \/>\nMahdollisista tulvista aiheutuvia vesivahinkoriskej\u00e4 kiinteist\u00f6lle ei ole.<\/p>\n<p><strong>Vartiointi:<\/strong><br \/>\nKiinteist\u00f6ss\u00e4 on piirivartiointi josta vastaa Securitas Oy, puh 020 491 2600 (h\u00e4lytyskeskuspalvelut, 24h).<\/p>\n<p><strong>Kiinteist\u00f6palvelut:<\/strong><br \/>\nKiinteist\u00f6palveluista vastaa Are Oy, jonka nimettyn\u00e4 huoltomiehen\u00e4 toimii Alexey Sitkin, puh 050 571 6264. Huoltoyhti\u00f6n p\u00e4ivystysnumero 020 530 5700 (24h).<br \/>\n<a href=\"mailto:asiakaspalvelukeskus@are.fi\">asiakaspalvelukeskus@are.fi<\/a> voi laittaa ei kiireelliset p\u00e4ivystyspyynn\u00f6t ym. ty\u00f6pyynn\u00f6t.<\/p>\n<p><strong>Siivouspalvelut:<\/strong><br \/>\nSiivouspalveluista vastaa (is\u00e4nn\u00f6itsij\u00e4 ilmoittaa kun on tiedossa).<\/p>\n<p><strong>Yleinen turvallisuus:<\/strong><br \/>\nKiinteist\u00f6n yleinen turvallisuus ja siisteys on hyv\u00e4.<\/p>\n<p><strong>Kiinteist\u00f6n oma palo- ja turvallisuustarkastusryhm\u00e4:<\/strong><br \/>\nEi ole.<\/p>\n<p><strong>Muuta:<\/strong><br \/>\nFredriksberg muodostuu nelj\u00e4st\u00e4 toisiinsa kytketyst\u00e4 toimistotalosta (A-, B-, C- ja D-talot).<\/p>\n<p><strong>Poistumisreitit:<\/strong><br \/>\nKiinteist\u00f6n poistumisreittein\u00e4 toimivat tasoporras (A1), sek\u00e4 kaksi kierreporrasta (A2 ja A3). Kaikki kolme porrasta toimivat my\u00f6s h\u00e4t\u00e4poistumisportaina. Poistumisreitit on varustettu turvavalaistuksella sek\u00e4 kyltein.<\/p>\n<p><b>HUOMIO ETT\u00c4 POISTUMISREITIT OVAT VAPAAT TAVAROISTA!!!<\/b><\/p>\n<p><b>Yhteinen kokoontumispaikka<\/b>: Yhteinen kokoontumispaikka sijaitsee Konepajankujan puolella olevan p\u00e4iv\u00e4kodin leikkipihan\u00a0edustalla.<\/p>\n","protected":false},"excerpt":{"rendered":"<p>2.2. KIINTEIST\u00d6N KUVAUS JA YHTEINEN KOKOONTUMISPAIKKA Kyseess\u00e4 on toimisto- ja liikekiinteist\u00f6, joka sijaitsee Vallilassa, vilkkaasti liikenn\u00f6idyn Aleksis Kiven kadun ja Sturenkadun kulmassa, kaupunginosassa 15, korttelissa 526, tontilla 2, jonka pinta-ala on 2 365 m\u00b2 ja osoite; Konepajankuja 1, 00510 Helsinki. Kiinteist\u00f6 on valmistunut v. 2018 ja se sijaitsee asemakaavoitetulla alueella, k\u00e4sitt\u00e4en yhden maanalaisen- ja kuusi maanp\u00e4\u00e4llist\u00e4 kerrosta. Kiinteist\u00f6 on rakenteeltaan betonirunkoinen, jonka julkisivu on tiilimuurattu, [&hellip;]<\/p>\n","protected":false},"author":1,"featured_media":0,"parent":0,"menu_order":0,"comment_status":"closed","ping_status":"closed","template":"","meta":{"footnotes":""},"class_list":["post-70","page","type-page","status-publish","hentry"],"_links":{"self":[{"href":"https:\/\/www.nettipelsu.fi\/pelsu\/fredriksberg\/wp-json\/wp\/v2\/pages\/70","targetHints":{"allow":["GET"]}}],"collection":[{"href":"https:\/\/www.nettipelsu.fi\/pelsu\/fredriksberg\/wp-json\/wp\/v2\/pages"}],"about":[{"href":"https:\/\/www.nettipelsu.fi\/pelsu\/fredriksberg\/wp-json\/wp\/v2\/types\/page"}],"author":[{"embeddable":true,"href":"https:\/\/www.nettipelsu.fi\/pelsu\/fredriksberg\/wp-json\/wp\/v2\/users\/1"}],"replies":[{"embeddable":true,"href":"https:\/\/www.nettipelsu.fi\/pelsu\/fredriksberg\/wp-json\/wp\/v2\/comments?post=70"}],"version-history":[{"count":25,"href":"https:\/\/www.nettipelsu.fi\/pelsu\/fredriksberg\/wp-json\/wp\/v2\/pages\/70\/revisions"}],"predecessor-version":[{"id":664,"href":"https:\/\/www.nettipelsu.fi\/pelsu\/fredriksberg\/wp-json\/wp\/v2\/pages\/70\/revisions\/664"}],"wp:attachment":[{"href":"https:\/\/www.nettipelsu.fi\/pelsu\/fredriksberg\/wp-json\/wp\/v2\/media?parent=70"}],"curies":[{"name":"wp","href":"https:\/\/api.w.org\/{rel}","templated":true}]}}