{"id":64,"date":"2017-11-13T15:35:31","date_gmt":"2017-11-13T13:35:31","guid":{"rendered":"http:\/\/www.nettipelsu.fi\/pelsu\/fredriksberg\/?page_id=64"},"modified":"2025-08-14T12:09:59","modified_gmt":"2025-08-14T09:09:59","slug":"0-1-ilmoituslomake-pelastusviranomaisille","status":"publish","type":"page","link":"https:\/\/www.nettipelsu.fi\/pelsu\/fredriksberg\/0-1-ilmoituslomake-pelastusviranomaisille\/","title":{"rendered":"0.1. Ilmoituslomake pelastusviranomaisille"},"content":{"rendered":"<table width=\"678\">\n<tbody>\n<tr>\n<td width=\"678\"><strong>PELASTUSSUUNNITELMAN ILMOITUSLOMAKE PELASTUSVIRANOMAISILLE<\/strong><\/td>\n<\/tr>\n<\/tbody>\n<\/table>\n<p><strong><br \/>\nLIITTYM\u00c4 YLEISEEN TURVALLISUUSORGANISAATIOON<\/strong>:<\/p>\n<table width=\"678\">\n<tbody>\n<tr>\n<td width=\"225\"><strong>Suojelupiiri: <\/strong>Pelastusviranomainen tiedottaa valmiutta kohotettaessa<\/td>\n<td width=\"231\"><strong>Alalohko: <\/strong>Pelastusviranomainen tiedottaa valmiutta kohotettaessa<\/td>\n<\/tr>\n<tr>\n<td width=\"225\"><strong>Suojelulohko: <\/strong>Pelastusviranomainen tiedottaa valmiutta kohotettaessa<\/td>\n<td width=\"231\"><strong>Suojeluyksikk\u00f6: <\/strong>K\u00e4yt\u00f6ss\u00e4 Helsingiss\u00e4 vain poikkeusoloissa<\/td>\n<\/tr>\n<\/tbody>\n<\/table>\n<p><strong>KIINTEIST\u00d6N TIEDOT:<\/strong><\/p>\n<table style=\"width: 98.1637%;\" width=\"678\">\n<tbody>\n<tr>\n<td style=\"width: 27.8351%;\" width=\"187\"><strong>Kiinteist\u00f6n nimi:<\/strong><\/td>\n<td style=\"width: 70.9867%;\" width=\"491\">Fredriksberg, talo A<\/td>\n<\/tr>\n<tr>\n<td style=\"width: 27.8351%;\" width=\"187\"><strong>Kiinteist\u00f6n omistaja:<\/strong><\/td>\n<td style=\"width: 70.9867%;\" width=\"491\">REF EP Finland\u00a02 Oy<\/td>\n<\/tr>\n<tr>\n<td style=\"width: 27.8351%;\" width=\"187\"><strong>Kiinteist\u00f6n vakuutusyhti\u00f6:<\/strong><\/td>\n<td style=\"width: 70.9867%;\" width=\"491\">Tarkentuu my\u00f6hemmin<\/td>\n<\/tr>\n<tr>\n<td style=\"width: 27.8351%;\" width=\"187\"><strong>Toiminnan laatu:<\/strong><\/td>\n<td style=\"width: 70.9867%;\" width=\"491\">Toimisto- ja liikekiinteist\u00f6<\/td>\n<\/tr>\n<tr>\n<td style=\"width: 27.8351%;\" width=\"187\"><strong>Kiinteist\u00f6n osoite:<\/strong><\/td>\n<td style=\"width: 70.9867%;\" width=\"491\">Konepajankuja 1<\/td>\n<\/tr>\n<tr>\n<td style=\"width: 27.8351%;\" width=\"187\"><strong>Postinumero:<\/strong><\/td>\n<td style=\"width: 70.9867%;\" width=\"491\">00510 Helsinki<\/td>\n<\/tr>\n<tr>\n<td style=\"width: 27.8351%;\" width=\"187\"><strong>Is\u00e4nn\u00f6inti:<\/strong><\/td>\n<td style=\"width: 70.9867%;\" width=\"491\">Colliers Finland Oy<\/td>\n<\/tr>\n<tr>\n<td style=\"width: 27.8351%;\" width=\"187\"><strong>Is\u00e4nn\u00f6itsij\u00e4:<\/strong><\/td>\n<td style=\"width: 70.9867%;\" width=\"491\">Laura Pitk\u00e4nen<\/td>\n<\/tr>\n<tr>\n<td style=\"width: 27.8351%;\" width=\"187\"><strong>Is\u00e4nn\u00f6itsij\u00e4n osoite:<\/strong><\/td>\n<td style=\"width: 70.9867%;\" width=\"491\">Ratamestarinkatu 7 B<\/td>\n<\/tr>\n<tr>\n<td style=\"width: 27.8351%;\" width=\"187\"><strong>Postinumero:<\/strong><\/td>\n<td style=\"width: 70.9867%;\" width=\"491\">00520 Helsinki<\/td>\n<\/tr>\n<tr>\n<td style=\"width: 27.8351%;\" width=\"187\"><strong>Is\u00e4nn\u00f6itsij\u00e4n puh:<\/strong><\/td>\n<td style=\"width: 70.9867%;\" width=\"491\">046 875 2834<\/td>\n<\/tr>\n<tr>\n<td style=\"width: 27.8351%;\" width=\"187\"><strong>Is\u00e4nn\u00f6itsij\u00e4n s\u00e4hk\u00f6posti:<\/strong><\/td>\n<td style=\"width: 70.9867%;\" width=\"491\"><a href=\"mailto:laura.pitkanen@colliers.com\">laura.pitkanen@colliers.com<\/a><\/td>\n<\/tr>\n<tr>\n<td style=\"width: 27.8351%;\" width=\"187\"><strong>Kiinteist\u00f6n huoltoliike:<\/strong><\/td>\n<td style=\"width: 70.9867%;\" width=\"491\">\n<p>Are Oy<\/p>\n<\/td>\n<\/tr>\n<tr>\n<td style=\"width: 27.8351%;\" width=\"187\"><strong>Huoltoliikkeen osoite:<\/strong><\/td>\n<td style=\"width: 70.9867%;\" width=\"491\">Kaivokselantie 9<\/td>\n<\/tr>\n<tr>\n<td style=\"width: 27.8351%;\" width=\"187\"><strong>Postinumero:<\/strong><\/td>\n<td style=\"width: 70.9867%;\" width=\"491\">01610 Vantaa<\/td>\n<\/tr>\n<tr>\n<td style=\"width: 27.8351%;\" width=\"187\"><strong>Huoltoliikkeen puh:<\/strong><\/td>\n<td style=\"width: 70.9867%;\" width=\"491\">P\u00e4ivystysnumero, puh 020 530 5700 (24h)<\/td>\n<\/tr>\n<tr>\n<td style=\"width: 27.8351%;\" width=\"187\"><strong>www &#8211; osoite:<\/strong><\/td>\n<td style=\"width: 70.9867%;\" width=\"491\"><a href=\"https:\/\/www.are.fi\/\">www.are.fi<\/a><\/td>\n<\/tr>\n<tr>\n<td style=\"width: 27.8351%;\" width=\"187\"><strong>S\u00e4hk\u00f6postiosoite:<\/strong><\/td>\n<td style=\"width: 70.9867%;\" width=\"491\"><a style=\"font-family: inherit; font-size: inherit;\" href=\"mailto:asiakaspalvelukeskus@are.fi\">asiakaspalvelukeskus@are.fi<\/a><span style=\"font-family: inherit; font-size: inherit;\"> johon voi laittaa ei kiireelliset p\u00e4ivystyspyynn\u00f6t ym ty\u00f6pyynn\u00f6t<\/span><\/td>\n<\/tr>\n<tr>\n<td style=\"width: 27.8351%;\" width=\"187\"><strong>Huoltomies:<\/strong><\/td>\n<td style=\"width: 70.9867%;\" width=\"491\">Alexey Sitkin, puh 050 571 6264, ty\u00f6njohtajana Ville Saukko, puh 050 306 1078<\/td>\n<\/tr>\n<tr>\n<td style=\"width: 27.8351%;\" width=\"187\"><strong>Tulity\u00f6kortin valvoja:<\/strong><\/td>\n<td style=\"width: 70.9867%;\" width=\"491\">Huoltomies Alexey Sitkin<\/td>\n<\/tr>\n<\/tbody>\n<\/table>\n<p><strong><br \/>\nKIINTEIST\u00d6N TURVALLISUUSORGANISAATION JOHTO:<\/strong><\/p>\n<table width=\"678\">\n<tbody>\n<tr>\n<td width=\"187\"><strong>Kiinteist\u00f6n edustaja:<\/strong><\/td>\n<td width=\"266\">Laura Pitk\u00e4nen (Colliers Finland Oy)<\/td>\n<\/tr>\n<tr>\n<td width=\"187\"><strong>Turvallisuusp\u00e4\u00e4llikk\u00f6:<\/strong><\/td>\n<td width=\"266\">Nimet\u00e4\u00e4n tilojen k\u00e4ytt\u00e4jist\u00e4<\/td>\n<\/tr>\n<tr>\n<td width=\"187\"><strong>Apulaisturvallisuusp\u00e4\u00e4llikk\u00f6:<\/strong><\/td>\n<td width=\"266\">Nimet\u00e4\u00e4n tilojen k\u00e4ytt\u00e4jist\u00e4<\/td>\n<\/tr>\n<tr>\n<td width=\"187\"><strong>Suunnitelman p\u00e4ivitt\u00e4j\u00e4:<\/strong><\/td>\n<td width=\"266\">Jarmo Kelo (Yrityssuojeluyhdistys ry)<br \/>\n<span style=\"display: inline !important; float: none; background-color: transparent; color: #333333; cursor: text; font-family: Georgia,'Times New Roman','Bitstream Charter',Times,serif; font-size: 16px; font-style: normal; font-variant: normal; font-weight: 400; letter-spacing: normal; orphans: 2; text-align: left; text-decoration: none; text-indent: 0px; text-transform: none; -webkit-text-stroke-width: 0px; white-space: normal; word-spacing: 0px;\">050 430 8326<\/span><\/td>\n<\/tr>\n<\/tbody>\n<\/table>\n<p>&nbsp;<\/p>\n<table width=\"678\">\n<tbody>\n<tr>\n<td width=\"678\"><strong>P\u00e4iv\u00e4ys:<\/strong><br \/>\n<strong>Allekirjoitus:<\/strong><\/td>\n<\/tr>\n<\/tbody>\n<\/table>\n<table width=\"678\">\n<tbody>\n<tr>\n<td width=\"678\"><strong>Liitteet:<\/strong><\/td>\n<\/tr>\n<\/tbody>\n<\/table>\n<table width=\"678\">\n<tbody>\n<tr>\n<td width=\"678\"><strong>Toimitetaan osoitteeseen:<\/strong><br \/>\nHelsingin kaupungin pelastuslaitos<br \/>\nRiskienhallinnan toimiala \/ v\u00e4est\u00f6nsuojeluyksikk\u00f6<br \/>\nPL 112, 00099 Helsingin kaupunki<\/td>\n<\/tr>\n<\/tbody>\n<\/table>\n<p>&nbsp;<\/p>\n","protected":false},"excerpt":{"rendered":"<p>PELASTUSSUUNNITELMAN ILMOITUSLOMAKE PELASTUSVIRANOMAISILLE LIITTYM\u00c4 YLEISEEN TURVALLISUUSORGANISAATIOON: Suojelupiiri: Pelastusviranomainen tiedottaa valmiutta kohotettaessa Alalohko: Pelastusviranomainen tiedottaa valmiutta kohotettaessa Suojelulohko: Pelastusviranomainen tiedottaa valmiutta kohotettaessa Suojeluyksikk\u00f6: K\u00e4yt\u00f6ss\u00e4 Helsingiss\u00e4 vain poikkeusoloissa KIINTEIST\u00d6N TIEDOT: Kiinteist\u00f6n nimi: Fredriksberg, talo A Kiinteist\u00f6n omistaja: REF EP Finland\u00a02 Oy Kiinteist\u00f6n vakuutusyhti\u00f6: Tarkentuu my\u00f6hemmin Toiminnan laatu: Toimisto- ja liikekiinteist\u00f6 Kiinteist\u00f6n osoite: Konepajankuja 1 Postinumero: 00510 Helsinki Is\u00e4nn\u00f6inti: Colliers Finland Oy Is\u00e4nn\u00f6itsij\u00e4: Laura Pitk\u00e4nen Is\u00e4nn\u00f6itsij\u00e4n osoite: Ratamestarinkatu [&hellip;]<\/p>\n","protected":false},"author":1,"featured_media":0,"parent":0,"menu_order":0,"comment_status":"closed","ping_status":"closed","template":"","meta":{"footnotes":""},"class_list":["post-64","page","type-page","status-publish","hentry"],"_links":{"self":[{"href":"https:\/\/www.nettipelsu.fi\/pelsu\/fredriksberg\/wp-json\/wp\/v2\/pages\/64","targetHints":{"allow":["GET"]}}],"collection":[{"href":"https:\/\/www.nettipelsu.fi\/pelsu\/fredriksberg\/wp-json\/wp\/v2\/pages"}],"about":[{"href":"https:\/\/www.nettipelsu.fi\/pelsu\/fredriksberg\/wp-json\/wp\/v2\/types\/page"}],"author":[{"embeddable":true,"href":"https:\/\/www.nettipelsu.fi\/pelsu\/fredriksberg\/wp-json\/wp\/v2\/users\/1"}],"replies":[{"embeddable":true,"href":"https:\/\/www.nettipelsu.fi\/pelsu\/fredriksberg\/wp-json\/wp\/v2\/comments?post=64"}],"version-history":[{"count":19,"href":"https:\/\/www.nettipelsu.fi\/pelsu\/fredriksberg\/wp-json\/wp\/v2\/pages\/64\/revisions"}],"predecessor-version":[{"id":641,"href":"https:\/\/www.nettipelsu.fi\/pelsu\/fredriksberg\/wp-json\/wp\/v2\/pages\/64\/revisions\/641"}],"wp:attachment":[{"href":"https:\/\/www.nettipelsu.fi\/pelsu\/fredriksberg\/wp-json\/wp\/v2\/media?parent=64"}],"curies":[{"name":"wp","href":"https:\/\/api.w.org\/{rel}","templated":true}]}}