{"id":575,"date":"2021-11-09T13:07:24","date_gmt":"2021-11-09T11:07:24","guid":{"rendered":"https:\/\/www.nettipelsu.fi\/pelsu\/fredriksberg\/?page_id=575"},"modified":"2025-08-14T12:14:26","modified_gmt":"2025-08-14T09:14:26","slug":"tietosuojaseloste","status":"publish","type":"page","link":"https:\/\/www.nettipelsu.fi\/pelsu\/fredriksberg\/tietosuojaseloste\/","title":{"rendered":"Tietosuojaseloste"},"content":{"rendered":"<p><strong>1. Rekisterinpit\u00e4j\u00e4 ja yhteyshenkil\u00f6<\/strong><\/p>\r\n<p>Rekisterinpit\u00e4j\u00e4: Yrityssuojeluyhdistys ry<br \/>\r\nOsoite: Rannikkolaivurintie 1 D 1, 00850 Helsinki<br \/>\r\nPuhelin: +358 50 430 8326<br \/>\r\nS\u00e4hk\u00f6posti: jarmo.kelo@yrityssuojelu.fi<br \/>\r\nYhteyshenkil\u00f6 ja tietosuojavastaava: Jarmo Kelo<\/p>\r\n<p><strong>2. Rekisterin nimi ja rekister\u00f6idyt<\/strong><\/p>\r\n<p>Nettipelsu-rekisteri. Rekisteriss\u00e4 k\u00e4sitell\u00e4\u00e4n kiinteist\u00f6jen pelastussuunnitelmiin liittyvi\u00e4 tietoja.<\/p>\r\n<p><strong>3. Henkil\u00f6tietojen k\u00e4sittelyn k\u00e4ytt\u00f6tarkoitus<\/strong><\/p>\r\n<p>Rekisterin k\u00e4ytt\u00f6tarkoituksena on rekister\u00f6ityjentietojen ajantasainen hallinta sek\u00e4 sen yll\u00e4pito ja dokumentaation hallinta.<\/p>\r\n<p>Mahdollisten henkil\u00f6tietojen k\u00e4sittely perustuu yhdistyksen lains\u00e4\u00e4d\u00e4nn\u00f6lliseen velvoitteeseen yll\u00e4pit\u00e4\u00e4 rekisteri\u00e4.<\/p>\r\n<p><strong>4. Rekisterin tietosis\u00e4lt\u00f6<\/strong><\/p>\r\n<p>Rekisteriss\u00e4 k\u00e4sitell\u00e4\u00e4n p\u00e4\u00e4osin kiinteist\u00f6ihin liittyvi\u00e4 yleisi\u00e4 tietoja sek\u00e4 osin my\u00f6s henkil\u00f6tietoja sek\u00e4 muita pelastussuunnitelmiin liittyvi\u00e4 tarpeellisia tietoja. N\u00e4it\u00e4 tietoja ovat:<\/p>\r\n<p>\u2022 Kiinteist\u00f6n nimi<br \/>\r\n\u2022 Kiinteist\u00f6n osoite ja kotipaikka<br \/>\r\n\u2022 pelastusviranomaisen yleiset yhteystiedot<br \/>\r\n\u2022 Yhteyshenkil\u00f6netu- ja sukunimi sek\u00e4 puhelinnumero<\/p>\r\n<p><strong>5. S\u00e4\u00e4nn\u00f6nmukaiset tietol\u00e4hteet<\/strong><\/p>\r\n<p>Henkil\u00f6tiedot ker\u00e4t\u00e4\u00e4n rekister\u00f6idylt\u00e4 itselt\u00e4\u00e4n sek\u00e4 osittain my\u00f6s julkisista tietol\u00e4hteist\u00e4.<\/p>\r\n<p><strong>6. Henkil\u00f6tietojen suojaaminen ja tietoturva<\/strong><\/p>\r\n<p>Nettipelsu-sivustolla on SSL-tason suojaus (https). Kaikki manuaalinen aineisto s\u00e4ilytet\u00e4\u00e4n lukitussa tilassa. Rekisteriin talletetut henkil\u00f6tiedot eiv\u00e4t ole s\u00e4\u00e4detty salassa pidett\u00e4viksi.<\/p>\r\n<p>Yhdistyksen k\u00e4yt\u00f6ss\u00e4 oleva tietokone sek\u00e4 sen ty\u00f6asema on suojattu vahvan salasanan taakse.<\/p>\r\n<p><strong>7. Henkil\u00f6tietojen s\u00e4\u00e4nn\u00f6nmukaiset luovutukset ja siirrot<\/strong><\/p>\r\n<p>Henkil\u00f6tietoja joudutaan siirt\u00e4m\u00e4\u00e4n yhdistyksen toimesta toisen yrityksen suojatuille palvelimille rekisterin yll\u00e4pit\u00e4misen vuoksi. Ulkopuolinen yritys voi tarvittaessa siirt\u00e4\u00e4 niit\u00e4 edelleen henkil\u00f6tietoja ja yksityisyyden suojaa koskevan lains\u00e4\u00e4d\u00e4nn\u00f6n ja t\u00e4m\u00e4n tietosuojaselosteen mukaisesti. Henkil\u00f6tietoja ei luovuteta muille toimijoille.<\/p>\r\n<p><strong>8. Henkil\u00f6tietojen siirrot Euroopan unionin tai Euroopan talousalueen ulkopuolelle<\/strong><\/p>\r\n<p>Yhdistys ei k\u00e4yt\u00e4 henkil\u00f6tietojen k\u00e4sittelyss\u00e4 tai sen siirrossa Euroopan unionin tai Euroopan talousalueen ulkopuolella olevia palveluja, eik\u00e4 henkil\u00f6tietoihin anneta p\u00e4\u00e4sy\u00e4 enemp\u00e4\u00e4 kuin on v\u00e4ltt\u00e4m\u00e4t\u00f6nt\u00e4 palveluiden toteuttamiseksi.<\/p>\r\n<p><strong>9. Henkil\u00f6tietojen s\u00e4ilytysaika<\/strong><\/p>\r\n<p>Henkil\u00f6tietoja s\u00e4ilytet\u00e4\u00e4n rekisteriss\u00e4 niin kauan kuin rekister\u00f6ity toimii nimettyn\u00e4 yhteyshenkil\u00f6n\u00e4. T\u00e4m\u00e4n j\u00e4lkeen henkil\u00f6tiedot poistuvat.<\/p>\r\n<p><strong>10. Rekister\u00f6idyn tarkastusoikeus<\/strong><\/p>\r\n<p>Rekister\u00f6idyll\u00e4 on p\u00e4\u00e4s\u00e4\u00e4nt\u00f6isesti oikeus tarkastaa henkil\u00f6rekisteriin talletetut tietonsa, milloin tahansa:<\/p>\r\n<p>- saada tieto henkil\u00f6tietojensa k\u00e4sittelyst\u00e4;<br \/>\r\n- saada p\u00e4\u00e4sy omiin tietoihinsa ja tarkastaa itse\u00e4\u00e4n koskevat yhdistyksen k\u00e4sittelem\u00e4t henkil\u00f6tiedot;<br \/>\r\n- vaatia ep\u00e4tarkan ja virheellisen henkil\u00f6tiedon oikaisua ja tietojen t\u00e4ydent\u00e4mist\u00e4;<br \/>\r\n- vaatia henkil\u00f6tietojensa poistamista;<br \/>\r\n- peruuttaa suostumuksensa ja vastustaa henkil\u00f6tietojensa k\u00e4sittely\u00e4 silt\u00e4 osin kuin henkil\u00f6tietojen k\u00e4sittely perustuu rekister\u00f6idyn suostumukseen;<br \/>\r\n- vastustaa henkil\u00f6tietojensa k\u00e4sittely\u00e4 henkil\u00f6kohtaiseen erityiseen tilanteeseensa liittyv\u00e4ll\u00e4 perusteella silt\u00e4 osin kuin henkil\u00f6tietojen k\u00e4sittelyperusteena on yhdistyksen oikeutettu etu;<br \/>\r\n- saada henkil\u00f6tietonsa s\u00e4hk\u00f6isess\u00e4 muodossa ja siirt\u00e4\u00e4 kyseiset tiedot toiselle rekisterinpit\u00e4j\u00e4lle edellytt\u00e4en, ett\u00e4 rekister\u00f6ity on itse toimittanut kyseiset henkil\u00f6tiedot yhdistykselle. Yhdistys k\u00e4sittelee kyseisi\u00e4 henkil\u00f6tietoja rekister\u00f6idyn suostumuksen perusteella ja k\u00e4sittely suoritetaan automaattisesti;<br \/>\r\n- vaatia henkil\u00f6tietojensa k\u00e4sittelyn rajoittamista.<\/p>\r\n<p>Rekister\u00f6idyn tulee esitt\u00e4\u00e4 edell\u00e4 mainitun oikeuden toteuttamista koskeva pyynt\u00f6 t\u00e4m\u00e4n tietosuojaselosteen Rekisterinpit\u00e4j\u00e4 ja yhteyshenkil\u00f6-kohdanyksi (1) mukaisesti. Yhdistys voi pyyt\u00e4\u00e4 rekister\u00f6ity\u00e4 tarkentamaan pyynt\u00f6\u00e4\u00e4n kirjallisesti ja varmentamaan rekister\u00f6idyn henkil\u00f6llisyyden ennen pyynn\u00f6n k\u00e4sittelemist\u00e4. Yhdistys voi kielt\u00e4yty\u00e4 pyynn\u00f6n toteuttamisesta sovellettavassa laissa s\u00e4\u00e4detyll\u00e4 perusteella.<\/p>\r\n<p><strong>11. Oikeus valittaa valvontaviranomaiselle<\/strong><\/p>\r\n<p>Jokaisella rekister\u00f6idyll\u00e4 on oikeus tehd\u00e4 valitus asianomaiselle valvontaviranomaiselle taikka sen Euroopan unionin j\u00e4senvaltion valvontaviranomaiselle, jossa rekister\u00f6idyn asuinpaikka tai ty\u00f6paikka sijaitsee, mik\u00e4li rekister\u00f6ity katsoo, ett\u00e4 h\u00e4nen henkil\u00f6tietojaan ei ole k\u00e4sitelty soveltuvan tietosuojalains\u00e4\u00e4d\u00e4nn\u00f6n mukaisesti.<\/p>\r\n<p><strong>12. Yhteydenotot<\/strong><\/p>\r\n<p>Rekister\u00f6idyn oikeuksien k\u00e4ytt\u00e4mist\u00e4 koskevat pyynn\u00f6t, kysymykset t\u00e4st\u00e4 tietosuojaselosteesta ja muut yhteydenotot tulee tehd\u00e4 rekisterin yll\u00e4pit\u00e4j\u00e4ns\u00e4hk\u00f6postiin jarmo.kelo@yrityssuojelu.fi<\/p>\r\n<p>Rekister\u00f6ity voi my\u00f6s ottaa yhteytt\u00e4 henkil\u00f6kohtaisesti tai kirjallisesti alla olevaan osoitteeseen:<\/p>\r\n<p>Yrityssuojeluyhdistys ry<br \/>\r\nJarmo Kelo<br \/>\r\nRannikkolaivurintie 1 D 1<br \/>\r\n00850 Helsinki<\/p>\r\n<p><strong>13. Muutokset t\u00e4h\u00e4n tietosuojaselosteeseen<\/strong><\/p>\r\n<p>Tietosuojaseloste on k\u00e4sitelty yhdistyksen hallituksessa ja sit\u00e4 p\u00e4ivitet\u00e4\u00e4n tarvittaessa esimerkiksi lains\u00e4\u00e4d\u00e4nn\u00f6n muuttuessa. T\u00e4m\u00e4 tietosuojaseloste on viimeksi p\u00e4ivitetty 5.11.2021.<\/p>\n","protected":false},"excerpt":{"rendered":"","protected":false},"author":1,"featured_media":0,"parent":0,"menu_order":0,"comment_status":"closed","ping_status":"closed","template":"","meta":{"footnotes":""},"class_list":["post-575","page","type-page","status-publish","hentry"],"_links":{"self":[{"href":"https:\/\/www.nettipelsu.fi\/pelsu\/fredriksberg\/wp-json\/wp\/v2\/pages\/575","targetHints":{"allow":["GET"]}}],"collection":[{"href":"https:\/\/www.nettipelsu.fi\/pelsu\/fredriksberg\/wp-json\/wp\/v2\/pages"}],"about":[{"href":"https:\/\/www.nettipelsu.fi\/pelsu\/fredriksberg\/wp-json\/wp\/v2\/types\/page"}],"author":[{"embeddable":true,"href":"https:\/\/www.nettipelsu.fi\/pelsu\/fredriksberg\/wp-json\/wp\/v2\/users\/1"}],"replies":[{"embeddable":true,"href":"https:\/\/www.nettipelsu.fi\/pelsu\/fredriksberg\/wp-json\/wp\/v2\/comments?post=575"}],"version-history":[{"count":1,"href":"https:\/\/www.nettipelsu.fi\/pelsu\/fredriksberg\/wp-json\/wp\/v2\/pages\/575\/revisions"}],"predecessor-version":[{"id":576,"href":"https:\/\/www.nettipelsu.fi\/pelsu\/fredriksberg\/wp-json\/wp\/v2\/pages\/575\/revisions\/576"}],"wp:attachment":[{"href":"https:\/\/www.nettipelsu.fi\/pelsu\/fredriksberg\/wp-json\/wp\/v2\/media?parent=575"}],"curies":[{"name":"wp","href":"https:\/\/api.w.org\/{rel}","templated":true}]}}