{"id":455,"date":"2025-06-19T10:34:01","date_gmt":"2025-06-19T07:34:01","guid":{"rendered":"https:\/\/www.nettipelsu.fi\/pelsu\/fredriksberg\/?page_id=455"},"modified":"2025-08-14T12:15:24","modified_gmt":"2025-08-14T09:15:24","slug":"xxpaste","status":"publish","type":"page","link":"https:\/\/www.nettipelsu.fi\/pelsu\/fredriksberg\/xxpaste\/","title":{"rendered":"XXpaste"},"content":{"rendered":"<p>&nbsp;<\/p>\n<table width=\"678\">\n<tbody>\n<tr>\n<td width=\"187\"><strong>Kiinteist\u00f6n nimi:<\/strong><\/td>\n<td width=\"491\">KOy Kaisaniemenkatu 10 (Vuorikatu19)<\/td>\n<\/tr>\n<tr>\n<td width=\"187\"><strong>Kiinteist\u00f6n omistajat:<\/strong><\/td>\n<td width=\"491\">KOy Kaisaniemenkatu 10<\/td>\n<\/tr>\n<tr>\n<td width=\"187\"><strong>Kiinteist\u00f6n vakuutusyhti\u00f6:<\/strong><\/td>\n<td width=\"491\">L\u00e4hitapiola, h\u00e4t\u00e4palvelu puh 0800 04531 (24 h)<\/td>\n<\/tr>\n<tr>\n<td width=\"187\"><strong>Toiminnan laatu:<\/strong><\/td>\n<td width=\"491\">Hotelli-, toimisto- ja liikekiinteist\u00f6<\/td>\n<\/tr>\n<tr>\n<td width=\"187\"><strong>Kiinteist\u00f6n osoite:<\/strong><\/td>\n<td width=\"491\">Vuorikatu 19<\/td>\n<\/tr>\n<tr>\n<td width=\"187\"><strong>Postinumero:<\/strong><\/td>\n<td width=\"491\">00100 Helsinki<\/td>\n<\/tr>\n<tr>\n<td width=\"187\"><strong>Is\u00e4nn\u00f6inti:<\/strong><\/td>\n<td width=\"491\">Kantakaupungin Is\u00e4nn\u00f6inti Oy<\/td>\n<\/tr>\n<tr>\n<td width=\"187\"><strong>Is\u00e4nn\u00f6itsij\u00e4:<\/strong><\/td>\n<td width=\"491\">Juha Lepp\u00e4nen<\/td>\n<\/tr>\n<tr>\n<td width=\"187\"><strong>Is\u00e4nn\u00f6itsij\u00e4n osoite:<\/strong><\/td>\n<td width=\"491\">Vuorikatu 5 A<\/td>\n<\/tr>\n<tr>\n<td width=\"187\"><strong>Postinumero:<\/strong><\/td>\n<td width=\"491\">00100 Helsinki<\/td>\n<\/tr>\n<tr>\n<td width=\"187\"><strong>Is\u00e4nn\u00f6itsij\u00e4n puh:<\/strong><\/td>\n<td width=\"491\">09 &#8211; 6689 3434, 045 7730 2536<\/td>\n<\/tr>\n<tr>\n<td width=\"187\"><strong>Is\u00e4nn\u00f6itsij\u00e4n s\u00e4hk\u00f6posti:<\/strong><\/td>\n<td width=\"491\">juha.leppanen@kh-yhtiot.fi<\/td>\n<\/tr>\n<tr>\n<td width=\"187\"><strong>Kiinteist\u00f6n huoltoliike:<\/strong><\/td>\n<td width=\"491\">Talosyke Oy<\/td>\n<\/tr>\n<tr>\n<td width=\"187\"><strong>Huoltoliikkeen osoite:<\/strong><\/td>\n<td width=\"491\">Hakam\u00e4enkuja 10<\/td>\n<\/tr>\n<tr>\n<td width=\"187\"><strong>Postinumero:<\/strong><\/td>\n<td width=\"491\">01510 Vantaa<\/td>\n<\/tr>\n<tr>\n<td width=\"187\"><strong>Huoltoliikkeen puh:<\/strong><\/td>\n<td width=\"491\">020 749 8060 (p\u00e4ivystys 24 h)<\/td>\n<\/tr>\n<tr>\n<td width=\"187\"><strong>www &#8211; osoite:<\/strong><\/td>\n<td width=\"491\"><a href=\"http:\/\/www.talosyke.fi\/\">www.talosyke.fi<\/a><\/td>\n<\/tr>\n<tr>\n<td width=\"187\"><strong>S\u00e4hk\u00f6postiosoite:<\/strong><\/td>\n<td width=\"491\">toimisto@talosyke.fi<\/td>\n<\/tr>\n<tr>\n<td width=\"187\"><strong>Huoltomies:<\/strong><\/td>\n<td width=\"491\">Mauno Paavola, puh 041 511 0631 (vain ty\u00f6aikana)<\/td>\n<\/tr>\n<tr>\n<td width=\"187\"><strong>Tulity\u00f6kortin valvoja:<\/strong><\/td>\n<td width=\"491\">Micael Suontio, Talosyke Oy:n esimies \/ yhteyshenkil\u00f6 (sininen kortti)<\/td>\n<\/tr>\n<\/tbody>\n<\/table>\n<p>&nbsp;<\/p>\n","protected":false},"excerpt":{"rendered":"<p>&nbsp; Kiinteist\u00f6n nimi: KOy Kaisaniemenkatu 10 (Vuorikatu19) Kiinteist\u00f6n omistajat: KOy Kaisaniemenkatu 10 Kiinteist\u00f6n vakuutusyhti\u00f6: L\u00e4hitapiola, h\u00e4t\u00e4palvelu puh 0800 04531 (24 h) Toiminnan laatu: Hotelli-, toimisto- ja liikekiinteist\u00f6 Kiinteist\u00f6n osoite: Vuorikatu 19 Postinumero: 00100 Helsinki Is\u00e4nn\u00f6inti: Kantakaupungin Is\u00e4nn\u00f6inti Oy Is\u00e4nn\u00f6itsij\u00e4: Juha Lepp\u00e4nen Is\u00e4nn\u00f6itsij\u00e4n osoite: Vuorikatu 5 A Postinumero: 00100 Helsinki Is\u00e4nn\u00f6itsij\u00e4n puh: 09 &#8211; 6689 3434, 045 7730 2536 Is\u00e4nn\u00f6itsij\u00e4n s\u00e4hk\u00f6posti: juha.leppanen@kh-yhtiot.fi Kiinteist\u00f6n huoltoliike: Talosyke Oy [&hellip;]<\/p>\n","protected":false},"author":1,"featured_media":0,"parent":0,"menu_order":0,"comment_status":"closed","ping_status":"closed","template":"","meta":{"footnotes":""},"class_list":["post-455","page","type-page","status-publish","hentry"],"_links":{"self":[{"href":"https:\/\/www.nettipelsu.fi\/pelsu\/fredriksberg\/wp-json\/wp\/v2\/pages\/455","targetHints":{"allow":["GET"]}}],"collection":[{"href":"https:\/\/www.nettipelsu.fi\/pelsu\/fredriksberg\/wp-json\/wp\/v2\/pages"}],"about":[{"href":"https:\/\/www.nettipelsu.fi\/pelsu\/fredriksberg\/wp-json\/wp\/v2\/types\/page"}],"author":[{"embeddable":true,"href":"https:\/\/www.nettipelsu.fi\/pelsu\/fredriksberg\/wp-json\/wp\/v2\/users\/1"}],"replies":[{"embeddable":true,"href":"https:\/\/www.nettipelsu.fi\/pelsu\/fredriksberg\/wp-json\/wp\/v2\/comments?post=455"}],"version-history":[{"count":2,"href":"https:\/\/www.nettipelsu.fi\/pelsu\/fredriksberg\/wp-json\/wp\/v2\/pages\/455\/revisions"}],"predecessor-version":[{"id":457,"href":"https:\/\/www.nettipelsu.fi\/pelsu\/fredriksberg\/wp-json\/wp\/v2\/pages\/455\/revisions\/457"}],"wp:attachment":[{"href":"https:\/\/www.nettipelsu.fi\/pelsu\/fredriksberg\/wp-json\/wp\/v2\/media?parent=455"}],"curies":[{"name":"wp","href":"https:\/\/api.w.org\/{rel}","templated":true}]}}